{"id":451,"date":"2021-06-12T22:18:05","date_gmt":"2021-06-12T22:18:05","guid":{"rendered":"https:\/\/neonthechameleon.com\/?page_id=451"},"modified":"2026-02-28T01:37:27","modified_gmt":"2026-02-28T01:37:27","slug":"quien-es-neon","status":"publish","type":"page","link":"https:\/\/neonthechameleon.com\/es\/quien-es-neon\/","title":{"rendered":"\u00bfQui\u00e9n es NEON?"},"content":{"rendered":"\t\t<div data-elementor-type=\"wp-page\" data-elementor-id=\"451\" class=\"elementor elementor-451\">\n\t\t\t\t\t\t<section class=\"elementor-section elementor-top-section elementor-element elementor-element-ae29644 elementor-section-stretched elementor-section-boxed elementor-section-height-default elementor-section-height-default\" data-id=\"ae29644\" data-element_type=\"section\" data-e-type=\"section\" data-settings=\"{&quot;stretch_section&quot;:&quot;section-stretched&quot;,&quot;background_background&quot;:&quot;classic&quot;}\">\n\t\t\t\t\t\t<div class=\"elementor-container elementor-column-gap-default\">\n\t\t\t\t\t<div class=\"elementor-column elementor-col-50 elementor-top-column elementor-element elementor-element-1e1b071\" data-id=\"1e1b071\" data-element_type=\"column\" data-e-type=\"column\">\n\t\t\t<div class=\"elementor-widget-wrap\">\n\t\t\t\t\t\t\t<\/div>\n\t\t<\/div>\n\t\t\t\t<div class=\"elementor-column elementor-col-50 elementor-top-column elementor-element elementor-element-6a5f23b\" data-id=\"6a5f23b\" data-element_type=\"column\" data-e-type=\"column\">\n\t\t\t<div class=\"elementor-widget-wrap\">\n\t\t\t\t\t\t\t<\/div>\n\t\t<\/div>\n\t\t\t\t\t<\/div>\n\t\t<\/section>\n\t\t\t\t<section class=\"elementor-section elementor-top-section elementor-element elementor-element-75a38bf elementor-section-stretched elementor-section-full_width elementor-section-height-default elementor-section-height-default\" data-id=\"75a38bf\" data-element_type=\"section\" data-e-type=\"section\" data-settings=\"{&quot;stretch_section&quot;:&quot;section-stretched&quot;}\">\n\t\t\t\t\t\t<div class=\"elementor-container elementor-column-gap-no\">\n\t\t\t\t\t<div class=\"elementor-column elementor-col-100 elementor-top-column elementor-element elementor-element-88f454b\" data-id=\"88f454b\" data-element_type=\"column\" data-e-type=\"column\">\n\t\t\t<div class=\"elementor-widget-wrap\">\n\t\t\t\t\t\t\t<\/div>\n\t\t<\/div>\n\t\t\t\t\t<\/div>\n\t\t<\/section>\n\t\t\t\t<section class=\"elementor-section elementor-top-section elementor-element elementor-element-fff6270 elementor-section-height-min-height elementor-section-stretched elementor-section-boxed elementor-section-height-default elementor-section-items-middle\" data-id=\"fff6270\" data-element_type=\"section\" data-e-type=\"section\" data-settings=\"{&quot;stretch_section&quot;:&quot;section-stretched&quot;,&quot;background_background&quot;:&quot;classic&quot;}\">\n\t\t\t\t\t\t<div class=\"elementor-container elementor-column-gap-default\">\n\t\t\t\t\t<div class=\"elementor-column elementor-col-50 elementor-top-column elementor-element elementor-element-9caa653\" data-id=\"9caa653\" data-element_type=\"column\" data-e-type=\"column\" data-settings=\"{&quot;background_background&quot;:&quot;classic&quot;}\">\n\t\t\t<div class=\"elementor-widget-wrap elementor-element-populated\">\n\t\t\t\t\t\t<div class=\"elementor-element elementor-element-7fb4ac0 elementor-widget elementor-widget-heading\" data-id=\"7fb4ac0\" data-element_type=\"widget\" data-e-type=\"widget\" data-widget_type=\"heading.default\">\n\t\t\t\t<div class=\"elementor-widget-container\">\n\t\t\t\t\t<h3 class=\"elementor-heading-title elementor-size-default\">\u00bfQui\u00e9n es Ne\u00f3n?<\/h3>\t\t\t\t<\/div>\n\t\t\t\t<\/div>\n\t\t\t\t<div class=\"elementor-element elementor-element-c85fe78 elementor-widget elementor-widget-text-editor\" data-id=\"c85fe78\" data-element_type=\"widget\" data-e-type=\"widget\" data-widget_type=\"text-editor.default\">\n\t\t\t\t<div class=\"elementor-widget-container\">\n\t\t\t\t\t\t\t\t\t<p>Ne\u00f3n es un camale\u00f3n que cambia los colores de su piel.<\/p>\t\t\t\t\t\t\t\t<\/div>\n\t\t\t\t<\/div>\n\t\t\t\t<div class=\"elementor-element elementor-element-30ee515 elementor-widget elementor-widget-heading\" data-id=\"30ee515\" data-element_type=\"widget\" data-e-type=\"widget\" data-widget_type=\"heading.default\">\n\t\t\t\t<div class=\"elementor-widget-container\">\n\t\t\t\t\t<h3 class=\"elementor-heading-title elementor-size-default\">\u00bfQu\u00e9 tiene de especial Ne\u00f3n?\u00a0<\/h3>\t\t\t\t<\/div>\n\t\t\t\t<\/div>\n\t\t\t\t<div class=\"elementor-element elementor-element-049cfcb elementor-widget elementor-widget-text-editor\" data-id=\"049cfcb\" data-element_type=\"widget\" data-e-type=\"widget\" data-widget_type=\"text-editor.default\">\n\t\t\t\t<div class=\"elementor-widget-container\">\n\t\t\t\t\t\t\t\t\t<p>Su piel cambia de colores dependiendo de c\u00f3mo se sienta. \u00a1Cambia de colores desde su cabeza hasta el final de su cola!.<\/p>\t\t\t\t\t\t\t\t<\/div>\n\t\t\t\t<\/div>\n\t\t\t\t\t<\/div>\n\t\t<\/div>\n\t\t\t\t<div class=\"elementor-column elementor-col-50 elementor-top-column elementor-element elementor-element-d903e97\" data-id=\"d903e97\" data-element_type=\"column\" data-e-type=\"column\">\n\t\t\t<div class=\"elementor-widget-wrap elementor-element-populated\">\n\t\t\t\t\t\t<div class=\"elementor-element elementor-element-7dbaa69 elementor-widget elementor-widget-image\" data-id=\"7dbaa69\" data-element_type=\"widget\" data-e-type=\"widget\" data-widget_type=\"image.default\">\n\t\t\t\t<div class=\"elementor-widget-container\">\n\t\t\t\t\t\t\t\t\t\t\t\t\t\t\t<img fetchpriority=\"high\" decoding=\"async\" width=\"374\" height=\"500\" src=\"https:\/\/neonthechameleon.com\/es\/wp-content\/uploads\/2021\/07\/about-neon-2-min.jpg\" class=\"attachment-large size-large wp-image-975\" alt=\"\" srcset=\"https:\/\/neonthechameleon.com\/es\/wp-content\/uploads\/2021\/07\/about-neon-2-min.jpg 374w, https:\/\/neonthechameleon.com\/es\/wp-content\/uploads\/2021\/07\/about-neon-2-min-224x300.jpg 224w\" sizes=\"(max-width: 374px) 100vw, 374px\" \/>\t\t\t\t\t\t\t\t\t\t\t\t\t\t\t<\/div>\n\t\t\t\t<\/div>\n\t\t\t\t\t<\/div>\n\t\t<\/div>\n\t\t\t\t\t<\/div>\n\t\t<\/section>\n\t\t\t\t<section class=\"elementor-section elementor-top-section elementor-element elementor-element-f4dd34d elementor-section-height-min-height elementor-section-stretched elementor-reverse-mobile elementor-section-boxed elementor-section-height-default elementor-section-items-middle\" data-id=\"f4dd34d\" data-element_type=\"section\" data-e-type=\"section\" data-settings=\"{&quot;stretch_section&quot;:&quot;section-stretched&quot;,&quot;background_background&quot;:&quot;classic&quot;}\">\n\t\t\t\t\t\t<div class=\"elementor-container elementor-column-gap-default\">\n\t\t\t\t\t<div class=\"elementor-column elementor-col-50 elementor-top-column elementor-element elementor-element-1ae64fb\" data-id=\"1ae64fb\" data-element_type=\"column\" data-e-type=\"column\">\n\t\t\t<div class=\"elementor-widget-wrap elementor-element-populated\">\n\t\t\t\t\t\t<div class=\"elementor-element elementor-element-20b197b elementor-widget elementor-widget-image\" data-id=\"20b197b\" data-element_type=\"widget\" data-e-type=\"widget\" data-widget_type=\"image.default\">\n\t\t\t\t<div class=\"elementor-widget-container\">\n\t\t\t\t\t\t\t\t\t\t\t\t\t\t\t<img decoding=\"async\" src=\"https:\/\/neonthechameleon.com\/es\/wp-content\/uploads\/2021\/06\/about-neon3-min.jpg\" title=\"about-neon3-min\" alt=\"about-neon3-min\" loading=\"lazy\" \/>\t\t\t\t\t\t\t\t\t\t\t\t\t\t\t<\/div>\n\t\t\t\t<\/div>\n\t\t\t\t\t<\/div>\n\t\t<\/div>\n\t\t\t\t<div class=\"elementor-column elementor-col-50 elementor-top-column elementor-element elementor-element-35af664\" data-id=\"35af664\" data-element_type=\"column\" data-e-type=\"column\">\n\t\t\t<div class=\"elementor-widget-wrap elementor-element-populated\">\n\t\t\t\t\t\t<div class=\"elementor-element elementor-element-f0df5c0 elementor-widget elementor-widget-heading\" data-id=\"f0df5c0\" data-element_type=\"widget\" data-e-type=\"widget\" data-widget_type=\"heading.default\">\n\t\t\t\t<div class=\"elementor-widget-container\">\n\t\t\t\t\t<h3 class=\"elementor-heading-title elementor-size-default\">\u00bfQu\u00e9 pasa cuando Ne\u00f3n cambia de colores?\u00a0\u00a0<\/h3>\t\t\t\t<\/div>\n\t\t\t\t<\/div>\n\t\t\t\t<div class=\"elementor-element elementor-element-91c8b47 elementor-widget elementor-widget-text-editor\" data-id=\"91c8b47\" data-element_type=\"widget\" data-e-type=\"widget\" data-widget_type=\"text-editor.default\">\n\t\t\t\t<div class=\"elementor-widget-container\">\n\t\t\t\t\t\t\t\t\tAs\u00ed es como sabemos como se siente. Cuando se siente orgulloso se pone verde brillante y otras veces se cambia al gris si no se siente feliz.\u00a0\n\t\t\t\t\t\t\t\t<\/div>\n\t\t\t\t<\/div>\n\t\t\t\t<div class=\"elementor-element elementor-element-12272a6 elementor-widget elementor-widget-heading\" data-id=\"12272a6\" data-element_type=\"widget\" data-e-type=\"widget\" data-widget_type=\"heading.default\">\n\t\t\t\t<div class=\"elementor-widget-container\">\n\t\t\t\t\t<h3 class=\"elementor-heading-title elementor-size-default\">\u00bfPor qu\u00e9 un camale\u00f3n?\u00a0<\/h3>\t\t\t\t<\/div>\n\t\t\t\t<\/div>\n\t\t\t\t<div class=\"elementor-element elementor-element-19aed22 elementor-widget elementor-widget-text-editor\" data-id=\"19aed22\" data-element_type=\"widget\" data-e-type=\"widget\" data-widget_type=\"text-editor.default\">\n\t\t\t\t<div class=\"elementor-widget-container\">\n\t\t\t\t\t\t\t\t\t<p>El autor quer\u00eda crear un personaje que permitiera a los lectores entender los desaf\u00edos de aprender un segundo idioma. El dialogo interno del personaje para describir las situaciones, las emociones y sus cambios de colores fueron piezas claves para la creaci\u00f3n de esta historia. El autor determino que un camale\u00f3n era la inspiraci\u00f3n perfecta para el personaje principal porque el camale\u00f3n tienen la habilidad de cambiar sus colores dependiendo de lo que pasa a su alrededor.<\/p>\t\t\t\t\t\t\t\t<\/div>\n\t\t\t\t<\/div>\n\t\t\t\t\t<\/div>\n\t\t<\/div>\n\t\t\t\t\t<\/div>\n\t\t<\/section>\n\t\t\t\t<section class=\"elementor-section elementor-top-section elementor-element elementor-element-aad3494 elementor-section-stretched elementor-section-full_width elementor-section-height-default elementor-section-height-default\" data-id=\"aad3494\" data-element_type=\"section\" data-e-type=\"section\" data-settings=\"{&quot;stretch_section&quot;:&quot;section-stretched&quot;}\">\n\t\t\t\t\t\t<div class=\"elementor-container elementor-column-gap-no\">\n\t\t\t\t\t<div class=\"elementor-column elementor-col-100 elementor-top-column elementor-element elementor-element-8773fec\" data-id=\"8773fec\" data-element_type=\"column\" data-e-type=\"column\">\n\t\t\t<div class=\"elementor-widget-wrap\">\n\t\t\t\t\t\t\t<\/div>\n\t\t<\/div>\n\t\t\t\t\t<\/div>\n\t\t<\/section>\n\t\t\t\t<section class=\"elementor-section elementor-top-section elementor-element elementor-element-89b6958 elementor-section-height-min-height elementor-section-stretched elementor-reverse-mobile elementor-section-boxed elementor-section-height-default elementor-section-items-middle\" data-id=\"89b6958\" data-element_type=\"section\" data-e-type=\"section\" data-settings=\"{&quot;stretch_section&quot;:&quot;section-stretched&quot;,&quot;background_background&quot;:&quot;classic&quot;}\">\n\t\t\t\t\t\t\t<div class=\"elementor-background-overlay\"><\/div>\n\t\t\t\t\t\t\t<div class=\"elementor-container elementor-column-gap-default\">\n\t\t\t\t\t<div class=\"elementor-column elementor-col-50 elementor-top-column elementor-element elementor-element-8ea6354\" data-id=\"8ea6354\" data-element_type=\"column\" data-e-type=\"column\">\n\t\t\t<div class=\"elementor-widget-wrap elementor-element-populated\">\n\t\t\t\t\t\t<div class=\"elementor-element elementor-element-f62a087 elementor-widget elementor-widget-image\" data-id=\"f62a087\" data-element_type=\"widget\" data-e-type=\"widget\" data-widget_type=\"image.default\">\n\t\t\t\t<div class=\"elementor-widget-container\">\n\t\t\t\t\t\t\t\t\t\t\t\t\t\t\t<img decoding=\"async\" width=\"400\" height=\"300\" src=\"https:\/\/neonthechameleon.com\/es\/wp-content\/uploads\/2021\/06\/aneon6-min.jpg\" class=\"attachment-full size-full wp-image-534\" alt=\"\" srcset=\"https:\/\/neonthechameleon.com\/es\/wp-content\/uploads\/2021\/06\/aneon6-min.jpg 400w, https:\/\/neonthechameleon.com\/es\/wp-content\/uploads\/2021\/06\/aneon6-min-300x225.jpg 300w\" sizes=\"(max-width: 400px) 100vw, 400px\" \/>\t\t\t\t\t\t\t\t\t\t\t\t\t\t\t<\/div>\n\t\t\t\t<\/div>\n\t\t\t\t\t<\/div>\n\t\t<\/div>\n\t\t\t\t<div class=\"elementor-column elementor-col-50 elementor-top-column elementor-element elementor-element-8da82d1\" data-id=\"8da82d1\" data-element_type=\"column\" data-e-type=\"column\">\n\t\t\t<div class=\"elementor-widget-wrap elementor-element-populated\">\n\t\t\t\t\t\t<div class=\"elementor-element elementor-element-2509a17 elementor-widget elementor-widget-heading\" data-id=\"2509a17\" data-element_type=\"widget\" data-e-type=\"widget\" data-widget_type=\"heading.default\">\n\t\t\t\t<div class=\"elementor-widget-container\">\n\t\t\t\t\t<h3 class=\"elementor-heading-title elementor-size-default\">\u00bfY su nombre?\n<\/h3>\t\t\t\t<\/div>\n\t\t\t\t<\/div>\n\t\t\t\t<div class=\"elementor-element elementor-element-59ee525 elementor-widget elementor-widget-text-editor\" data-id=\"59ee525\" data-element_type=\"widget\" data-e-type=\"widget\" data-widget_type=\"text-editor.default\">\n\t\t\t\t<div class=\"elementor-widget-container\">\n\t\t\t\t\t\t\t\t\tEncontrar un nombre unico para este personaje tambi\u00e9n fue muy importante para el autor. El nombre tenia que tener un significado especial que los ni\u00f1os lo pudieran identificar y rimar f\u00e1cilmente.  Luego de muchas pruebas y despu\u00e9s de consultar con muchos de sus amigos y colegas, el nombre Neon el Camale\u00f3n fue creado.\n\t\t\t\t\t\t\t\t<\/div>\n\t\t\t\t<\/div>\n\t\t\t\t<div class=\"elementor-element elementor-element-72f0c71 elementor-widget elementor-widget-heading\" data-id=\"72f0c71\" data-element_type=\"widget\" data-e-type=\"widget\" data-widget_type=\"heading.default\">\n\t\t\t\t<div class=\"elementor-widget-container\">\n\t\t\t\t\t<h3 class=\"elementor-heading-title elementor-size-default\">\u00bfC\u00f3mo se cre\u00f3 Ne\u00f3n?\u00a0<\/h3>\t\t\t\t<\/div>\n\t\t\t\t<\/div>\n\t\t\t\t<div class=\"elementor-element elementor-element-4868545 elementor-widget elementor-widget-text-editor\" data-id=\"4868545\" data-element_type=\"widget\" data-e-type=\"widget\" data-widget_type=\"text-editor.default\">\n\t\t\t\t<div class=\"elementor-widget-container\">\n\t\t\t\t\t\t\t\t\tCuando el autor finalmente decidi\u00f3 trabajar con la idea de un camale\u00f3n, el siguiente\u00a0paso fue discutir c\u00f3mo darle vida a este personaje de manera que\u00a0los ni\u00f1os se pudieran conectar con el. El autor describi\u00f3 a Neon a la ilustradora como un camale\u00f3n de ojos muy grandes, con una sonrisa amigable y con una cola m\u00e1gica llena de colores con una estrella al final para transformarlo en un personaje \u00fanico en su tipo. Ne\u00f3n ten\u00eda que ser estudioso, amigable, curioso, pero sobretodo valiente. \n\t\t\t\t\t\t\t\t<\/div>\n\t\t\t\t<\/div>\n\t\t\t\t\t<\/div>\n\t\t<\/div>\n\t\t\t\t\t<\/div>\n\t\t<\/section>\n\t\t\t\t<\/div>\n\t\t","protected":false},"excerpt":{"rendered":"<p>\u00bfQui\u00e9n es Ne\u00f3n? Ne\u00f3n es un camale\u00f3n que cambia los colores de su piel. \u00bfQu\u00e9 tiene de especial Ne\u00f3n?\u00a0 Su piel cambia de colores dependiendo de c\u00f3mo se sienta. \u00a1Cambia de colores desde su cabeza hasta el final de su cola!. \u00bfQu\u00e9 pasa cuando Ne\u00f3n cambia de colores?\u00a0\u00a0 As\u00ed es como sabemos como se siente. [&hellip;]<\/p>\n","protected":false},"author":1,"featured_media":0,"parent":0,"menu_order":0,"comment_status":"closed","ping_status":"closed","template":"","meta":{"footnotes":""},"class_list":["post-451","page","type-page","status-publish","hentry"],"yoast_head":"<!-- This site is optimized with the Yoast SEO plugin v27.0 - https:\/\/yoast.com\/product\/yoast-seo-wordpress\/ -->\n<title>\u00bfQui\u00e9n es NEON? - Neon the Chameleon<\/title>\n<meta name=\"description\" content=\"Ne\u00f3n es un camale\u00f3n que cambia los colores de su piel. El personaje Principal del libro para ni\u00f1os que est\u00e1n comenzando a hablar en ingles.\" \/>\n<meta name=\"robots\" content=\"index, follow, max-snippet:-1, max-image-preview:large, max-video-preview:-1\" \/>\n<link rel=\"canonical\" href=\"https:\/\/neonthechameleon.com\/es\/quien-es-neon\/\" \/>\n<meta property=\"og:locale\" content=\"es_ES\" \/>\n<meta property=\"og:type\" content=\"article\" \/>\n<meta property=\"og:title\" content=\"\u00bfQui\u00e9n es NEON? - Neon the Chameleon\" \/>\n<meta property=\"og:description\" content=\"Ne\u00f3n es un camale\u00f3n que cambia los colores de su piel. El personaje Principal del libro para ni\u00f1os que est\u00e1n comenzando a hablar en ingles.\" \/>\n<meta property=\"og:url\" content=\"https:\/\/neonthechameleon.com\/es\/quien-es-neon\/\" \/>\n<meta property=\"og:site_name\" content=\"Neon the Chameleon\" \/>\n<meta property=\"article:modified_time\" content=\"2026-02-28T01:37:27+00:00\" \/>\n<meta property=\"og:image\" content=\"https:\/\/neonthechameleon.com\/es\/wp-content\/uploads\/2021\/07\/about-neon-2-min.jpg\" \/>\n\t<meta property=\"og:image:width\" content=\"374\" \/>\n\t<meta property=\"og:image:height\" content=\"500\" \/>\n\t<meta property=\"og:image:type\" content=\"image\/jpeg\" \/>\n<meta name=\"twitter:card\" content=\"summary_large_image\" \/>\n<meta name=\"twitter:label1\" content=\"Tiempo de lectura\" \/>\n\t<meta name=\"twitter:data1\" content=\"2 minutos\" \/>\n<script type=\"application\/ld+json\" class=\"yoast-schema-graph\">{\"@context\":\"https:\/\/schema.org\",\"@graph\":[{\"@type\":\"WebPage\",\"@id\":\"https:\/\/neonthechameleon.com\/es\/quien-es-neon\/\",\"url\":\"https:\/\/neonthechameleon.com\/es\/quien-es-neon\/\",\"name\":\"\u00bfQui\u00e9n es NEON? - Neon the Chameleon\",\"isPartOf\":{\"@id\":\"https:\/\/neonthechameleon.com\/es\/#website\"},\"primaryImageOfPage\":{\"@id\":\"https:\/\/neonthechameleon.com\/es\/quien-es-neon\/#primaryimage\"},\"image\":{\"@id\":\"https:\/\/neonthechameleon.com\/es\/quien-es-neon\/#primaryimage\"},\"thumbnailUrl\":\"https:\/\/neonthechameleon.com\/es\/wp-content\/uploads\/2021\/07\/about-neon-2-min.jpg\",\"datePublished\":\"2021-06-12T22:18:05+00:00\",\"dateModified\":\"2026-02-28T01:37:27+00:00\",\"description\":\"Ne\u00f3n es un camale\u00f3n que cambia los colores de su piel. El personaje Principal del libro para ni\u00f1os que est\u00e1n comenzando a hablar en ingles.\",\"breadcrumb\":{\"@id\":\"https:\/\/neonthechameleon.com\/es\/quien-es-neon\/#breadcrumb\"},\"inLanguage\":\"es\",\"potentialAction\":[{\"@type\":\"ReadAction\",\"target\":[\"https:\/\/neonthechameleon.com\/es\/quien-es-neon\/\"]}]},{\"@type\":\"ImageObject\",\"inLanguage\":\"es\",\"@id\":\"https:\/\/neonthechameleon.com\/es\/quien-es-neon\/#primaryimage\",\"url\":\"https:\/\/neonthechameleon.com\/es\/wp-content\/uploads\/2021\/07\/about-neon-2-min.jpg\",\"contentUrl\":\"https:\/\/neonthechameleon.com\/es\/wp-content\/uploads\/2021\/07\/about-neon-2-min.jpg\",\"width\":374,\"height\":500},{\"@type\":\"BreadcrumbList\",\"@id\":\"https:\/\/neonthechameleon.com\/es\/quien-es-neon\/#breadcrumb\",\"itemListElement\":[{\"@type\":\"ListItem\",\"position\":1,\"name\":\"Home\",\"item\":\"https:\/\/neonthechameleon.com\/es\/\"},{\"@type\":\"ListItem\",\"position\":2,\"name\":\"\u00bfQui\u00e9n es NEON?\"}]},{\"@type\":\"WebSite\",\"@id\":\"https:\/\/neonthechameleon.com\/es\/#website\",\"url\":\"https:\/\/neonthechameleon.com\/es\/\",\"name\":\"Neon the Chameleon\",\"description\":\"The book Neon the Chameleon\",\"potentialAction\":[{\"@type\":\"SearchAction\",\"target\":{\"@type\":\"EntryPoint\",\"urlTemplate\":\"https:\/\/neonthechameleon.com\/es\/?s={search_term_string}\"},\"query-input\":{\"@type\":\"PropertyValueSpecification\",\"valueRequired\":true,\"valueName\":\"search_term_string\"}}],\"inLanguage\":\"es\"}]}<\/script>\n<!-- \/ Yoast SEO plugin. -->","yoast_head_json":{"title":"\u00bfQui\u00e9n es NEON? - Neon the Chameleon","description":"Ne\u00f3n es un camale\u00f3n que cambia los colores de su piel. El personaje Principal del libro para ni\u00f1os que est\u00e1n comenzando a hablar en ingles.","robots":{"index":"index","follow":"follow","max-snippet":"max-snippet:-1","max-image-preview":"max-image-preview:large","max-video-preview":"max-video-preview:-1"},"canonical":"https:\/\/neonthechameleon.com\/es\/quien-es-neon\/","og_locale":"es_ES","og_type":"article","og_title":"\u00bfQui\u00e9n es NEON? - Neon the Chameleon","og_description":"Ne\u00f3n es un camale\u00f3n que cambia los colores de su piel. El personaje Principal del libro para ni\u00f1os que est\u00e1n comenzando a hablar en ingles.","og_url":"https:\/\/neonthechameleon.com\/es\/quien-es-neon\/","og_site_name":"Neon the Chameleon","article_modified_time":"2026-02-28T01:37:27+00:00","og_image":[{"width":374,"height":500,"url":"https:\/\/neonthechameleon.com\/es\/wp-content\/uploads\/2021\/07\/about-neon-2-min.jpg","type":"image\/jpeg"}],"twitter_card":"summary_large_image","twitter_misc":{"Tiempo de lectura":"2 minutos"},"schema":{"@context":"https:\/\/schema.org","@graph":[{"@type":"WebPage","@id":"https:\/\/neonthechameleon.com\/es\/quien-es-neon\/","url":"https:\/\/neonthechameleon.com\/es\/quien-es-neon\/","name":"\u00bfQui\u00e9n es NEON? - Neon the Chameleon","isPartOf":{"@id":"https:\/\/neonthechameleon.com\/es\/#website"},"primaryImageOfPage":{"@id":"https:\/\/neonthechameleon.com\/es\/quien-es-neon\/#primaryimage"},"image":{"@id":"https:\/\/neonthechameleon.com\/es\/quien-es-neon\/#primaryimage"},"thumbnailUrl":"https:\/\/neonthechameleon.com\/es\/wp-content\/uploads\/2021\/07\/about-neon-2-min.jpg","datePublished":"2021-06-12T22:18:05+00:00","dateModified":"2026-02-28T01:37:27+00:00","description":"Ne\u00f3n es un camale\u00f3n que cambia los colores de su piel. El personaje Principal del libro para ni\u00f1os que est\u00e1n comenzando a hablar en ingles.","breadcrumb":{"@id":"https:\/\/neonthechameleon.com\/es\/quien-es-neon\/#breadcrumb"},"inLanguage":"es","potentialAction":[{"@type":"ReadAction","target":["https:\/\/neonthechameleon.com\/es\/quien-es-neon\/"]}]},{"@type":"ImageObject","inLanguage":"es","@id":"https:\/\/neonthechameleon.com\/es\/quien-es-neon\/#primaryimage","url":"https:\/\/neonthechameleon.com\/es\/wp-content\/uploads\/2021\/07\/about-neon-2-min.jpg","contentUrl":"https:\/\/neonthechameleon.com\/es\/wp-content\/uploads\/2021\/07\/about-neon-2-min.jpg","width":374,"height":500},{"@type":"BreadcrumbList","@id":"https:\/\/neonthechameleon.com\/es\/quien-es-neon\/#breadcrumb","itemListElement":[{"@type":"ListItem","position":1,"name":"Home","item":"https:\/\/neonthechameleon.com\/es\/"},{"@type":"ListItem","position":2,"name":"\u00bfQui\u00e9n es NEON?"}]},{"@type":"WebSite","@id":"https:\/\/neonthechameleon.com\/es\/#website","url":"https:\/\/neonthechameleon.com\/es\/","name":"Neon the Chameleon","description":"The book Neon the Chameleon","potentialAction":[{"@type":"SearchAction","target":{"@type":"EntryPoint","urlTemplate":"https:\/\/neonthechameleon.com\/es\/?s={search_term_string}"},"query-input":{"@type":"PropertyValueSpecification","valueRequired":true,"valueName":"search_term_string"}}],"inLanguage":"es"}]}},"_links":{"self":[{"href":"https:\/\/neonthechameleon.com\/es\/wp-json\/wp\/v2\/pages\/451","targetHints":{"allow":["GET"]}}],"collection":[{"href":"https:\/\/neonthechameleon.com\/es\/wp-json\/wp\/v2\/pages"}],"about":[{"href":"https:\/\/neonthechameleon.com\/es\/wp-json\/wp\/v2\/types\/page"}],"author":[{"embeddable":true,"href":"https:\/\/neonthechameleon.com\/es\/wp-json\/wp\/v2\/users\/1"}],"replies":[{"embeddable":true,"href":"https:\/\/neonthechameleon.com\/es\/wp-json\/wp\/v2\/comments?post=451"}],"version-history":[{"count":335,"href":"https:\/\/neonthechameleon.com\/es\/wp-json\/wp\/v2\/pages\/451\/revisions"}],"predecessor-version":[{"id":1799,"href":"https:\/\/neonthechameleon.com\/es\/wp-json\/wp\/v2\/pages\/451\/revisions\/1799"}],"wp:attachment":[{"href":"https:\/\/neonthechameleon.com\/es\/wp-json\/wp\/v2\/media?parent=451"}],"curies":[{"name":"wp","href":"https:\/\/api.w.org\/{rel}","templated":true}]}}