{"id":785,"date":"2021-07-03T00:13:43","date_gmt":"2021-07-03T00:13:43","guid":{"rendered":"https:\/\/neonthechameleon.com\/?page_id=785"},"modified":"2021-08-15T17:22:57","modified_gmt":"2021-08-15T17:22:57","slug":"politica-de-privacidad-de-the-indigo-box-ll","status":"publish","type":"page","link":"https:\/\/neonthechameleon.com\/es\/politica-de-privacidad-de-the-indigo-box-ll\/","title":{"rendered":"Pol\u00edtica de privacidad de The Indigo Box, LL"},"content":{"rendered":"\t\t<div data-elementor-type=\"wp-page\" data-elementor-id=\"785\" class=\"elementor elementor-785\">\n\t\t\t\t\t\t<section class=\"elementor-section elementor-top-section elementor-element elementor-element-fbc082e elementor-section-boxed elementor-section-height-default elementor-section-height-default\" data-id=\"fbc082e\" data-element_type=\"section\" data-e-type=\"section\">\n\t\t\t\t\t\t<div class=\"elementor-container elementor-column-gap-default\">\n\t\t\t\t\t<div class=\"elementor-column elementor-col-100 elementor-top-column elementor-element elementor-element-81f8526\" data-id=\"81f8526\" data-element_type=\"column\" data-e-type=\"column\">\n\t\t\t<div class=\"elementor-widget-wrap\">\n\t\t\t\t\t\t\t<\/div>\n\t\t<\/div>\n\t\t\t\t\t<\/div>\n\t\t<\/section>\n\t\t\t\t<section class=\"elementor-section elementor-top-section elementor-element elementor-element-40c4a14 elementor-section-boxed elementor-section-height-default elementor-section-height-default\" data-id=\"40c4a14\" data-element_type=\"section\" data-e-type=\"section\">\n\t\t\t\t\t\t<div class=\"elementor-container elementor-column-gap-default\">\n\t\t\t\t\t<div class=\"elementor-column elementor-col-100 elementor-top-column elementor-element elementor-element-91a5699\" data-id=\"91a5699\" data-element_type=\"column\" data-e-type=\"column\">\n\t\t\t<div class=\"elementor-widget-wrap\">\n\t\t\t\t\t\t\t<\/div>\n\t\t<\/div>\n\t\t\t\t\t<\/div>\n\t\t<\/section>\n\t\t\t\t<section class=\"elementor-section elementor-top-section elementor-element elementor-element-ff56d2c elementor-section-height-min-height elementor-section-stretched elementor-section-boxed elementor-section-height-default elementor-section-items-middle\" data-id=\"ff56d2c\" data-element_type=\"section\" data-e-type=\"section\" data-settings=\"{&quot;stretch_section&quot;:&quot;section-stretched&quot;,&quot;background_background&quot;:&quot;classic&quot;}\">\n\t\t\t\t\t\t<div class=\"elementor-container elementor-column-gap-default\">\n\t\t\t\t\t<div class=\"elementor-column elementor-col-50 elementor-top-column elementor-element elementor-element-011aea3\" data-id=\"011aea3\" data-element_type=\"column\" data-e-type=\"column\">\n\t\t\t<div class=\"elementor-widget-wrap elementor-element-populated\">\n\t\t\t\t\t\t<div class=\"elementor-element elementor-element-ac453ae elementor-widget elementor-widget-heading\" data-id=\"ac453ae\" data-element_type=\"widget\" data-e-type=\"widget\" data-widget_type=\"heading.default\">\n\t\t\t\t<div class=\"elementor-widget-container\">\n\t\t\t\t\t<h2 class=\"elementor-heading-title elementor-size-default\">Pol\u00edtica de privacidad de The Indigo Box, LLC<\/h2>\t\t\t\t<\/div>\n\t\t\t\t<\/div>\n\t\t\t\t\t<\/div>\n\t\t<\/div>\n\t\t\t\t<div class=\"elementor-column elementor-col-50 elementor-top-column elementor-element elementor-element-e101de3\" data-id=\"e101de3\" data-element_type=\"column\" data-e-type=\"column\">\n\t\t\t<div class=\"elementor-widget-wrap\">\n\t\t\t\t\t\t\t<\/div>\n\t\t<\/div>\n\t\t\t\t\t<\/div>\n\t\t<\/section>\n\t\t\t\t<section class=\"elementor-section elementor-top-section elementor-element elementor-element-16582b8 elementor-section-boxed elementor-section-height-default elementor-section-height-default\" data-id=\"16582b8\" data-element_type=\"section\" data-e-type=\"section\">\n\t\t\t\t\t\t<div class=\"elementor-container elementor-column-gap-default\">\n\t\t\t\t\t<div class=\"elementor-column elementor-col-100 elementor-top-column elementor-element elementor-element-ec60a8d\" data-id=\"ec60a8d\" data-element_type=\"column\" data-e-type=\"column\">\n\t\t\t<div class=\"elementor-widget-wrap elementor-element-populated\">\n\t\t\t\t\t\t<div class=\"elementor-element elementor-element-19e5a1d elementor-widget elementor-widget-text-editor\" data-id=\"19e5a1d\" data-element_type=\"widget\" data-e-type=\"widget\" data-widget_type=\"text-editor.default\">\n\t\t\t\t<div class=\"elementor-widget-container\">\n\t\t\t\t\t\t\t\t\tEn Neon The Chameleon, accesible desde https:\/\/neonthechameleon.com, una de nuestras principales prioridades es la privacidad de nuestros visitantes. Este documento de Pol\u00edtica de privacidad contiene tipos de informaci\u00f3n recopilada y registrada por Neon The Chameleon y c\u00f3mo la usamos.\nSi tiene preguntas adicionales o necesita m\u00e1s informaci\u00f3n sobre nuestra Pol\u00edtica de privacidad, no dude en contactarnos.\nEsta Pol\u00edtica de privacidad se aplica solo a nuestras actividades en l\u00ednea y es v\u00e1lida para los visitantes de nuestro sitio web con respecto a la informaci\u00f3n que compartieron y \/ o recopilaron en Neon The Chameleon. Esta pol\u00edtica no se aplica a ninguna informaci\u00f3n recopilada fuera de l\u00ednea o a trav\u00e9s de canales que no sean este sitio web.\t\t\t\t\t\t\t\t<\/div>\n\t\t\t\t<\/div>\n\t\t\t\t<div class=\"elementor-element elementor-element-2bd98b1 elementor-widget elementor-widget-heading\" data-id=\"2bd98b1\" data-element_type=\"widget\" data-e-type=\"widget\" data-widget_type=\"heading.default\">\n\t\t\t\t<div class=\"elementor-widget-container\">\n\t\t\t\t\t<h4 class=\"elementor-heading-title elementor-size-default\">Consentimiento \n<\/h4>\t\t\t\t<\/div>\n\t\t\t\t<\/div>\n\t\t\t\t<div class=\"elementor-element elementor-element-370a90f elementor-widget elementor-widget-text-editor\" data-id=\"370a90f\" data-element_type=\"widget\" data-e-type=\"widget\" data-widget_type=\"text-editor.default\">\n\t\t\t\t<div class=\"elementor-widget-container\">\n\t\t\t\t\t\t\t\t\tAl utilizar nuestro sitio web, usted acepta nuestra Pol\u00edtica de privacidad y acepta sus t\u00e9rminos.\t\t\t\t\t\t\t\t<\/div>\n\t\t\t\t<\/div>\n\t\t\t\t<div class=\"elementor-element elementor-element-6ae2746 elementor-widget elementor-widget-heading\" data-id=\"6ae2746\" data-element_type=\"widget\" data-e-type=\"widget\" data-widget_type=\"heading.default\">\n\t\t\t\t<div class=\"elementor-widget-container\">\n\t\t\t\t\t<h4 class=\"elementor-heading-title elementor-size-default\">Informaci\u00f3n que recopilamos \n<\/h4>\t\t\t\t<\/div>\n\t\t\t\t<\/div>\n\t\t\t\t<div class=\"elementor-element elementor-element-fc87770 elementor-widget elementor-widget-text-editor\" data-id=\"fc87770\" data-element_type=\"widget\" data-e-type=\"widget\" data-widget_type=\"text-editor.default\">\n\t\t\t\t<div class=\"elementor-widget-container\">\n\t\t\t\t\t\t\t\t\tLa informaci\u00f3n personal que se le solicita que proporcione, y las razones por las que se le solicita que la proporcione, se le aclarar\u00e1n en el momento en que le solicitemos que proporcione su informaci\u00f3n personal.\nSi se comunica con nosotros directamente, es posible que recibamos informaci\u00f3n adicional sobre usted, como su nombre, direcci\u00f3n de correo electr\u00f3nico, n\u00famero de tel\u00e9fono, el contenido del mensaje y \/ o los archivos adjuntos que pueda enviarnos, y cualquier otra informaci\u00f3n que elija proporcionar.\nCuando se registra para obtener una cuenta, es posible que le solicitemos su informaci\u00f3n de contacto, incluidos elementos como el nombre, el nombre de la empresa, la direcci\u00f3n, la direcci\u00f3n de correo electr\u00f3nico y el n\u00famero de tel\u00e9fono.\t\t\t\t\t\t\t\t<\/div>\n\t\t\t\t<\/div>\n\t\t\t\t<div class=\"elementor-element elementor-element-a938d8e elementor-widget elementor-widget-heading\" data-id=\"a938d8e\" data-element_type=\"widget\" data-e-type=\"widget\" data-widget_type=\"heading.default\">\n\t\t\t\t<div class=\"elementor-widget-container\">\n\t\t\t\t\t<h4 class=\"elementor-heading-title elementor-size-default\">C\u00f3mo usamos su informaci\u00f3n<\/h4>\t\t\t\t<\/div>\n\t\t\t\t<\/div>\n\t\t\t\t<div class=\"elementor-element elementor-element-e7b2526 elementor-widget elementor-widget-text-editor\" data-id=\"e7b2526\" data-element_type=\"widget\" data-e-type=\"widget\" data-widget_type=\"text-editor.default\">\n\t\t\t\t<div class=\"elementor-widget-container\">\n\t\t\t\t\t\t\t\t\t<p>Usamos la informaci\u00f3n que recopilamos de varias maneras, incluso para:<\/p><ul><li>Proporcionar, operar y mantener nuestro sitio web.<\/li><li>Mejorar, personalizar y ampliar nuestro sitio web<\/li><li>Comprender y analizar c\u00f3mo utiliza nuestro sitio web.<\/li><li>Desarrollar nuevos productos, servicios, caracter\u00edsticas y funcionalidades.<\/li><li>Comunicarse con usted, ya sea directamente o a trav\u00e9s de uno de nuestros socios, incluso para el servicio al cliente, para proporcionarle actualizaciones y otra informaci\u00f3n relacionada con el sitio web, y con fines promocionales y de marketing.<\/li><li>Enviarte correos electr\u00f3nicos<\/li><li>Encuentre y evite el fraude<\/li><\/ul>\t\t\t\t\t\t\t\t<\/div>\n\t\t\t\t<\/div>\n\t\t\t\t<div class=\"elementor-element elementor-element-f012d90 elementor-widget elementor-widget-heading\" data-id=\"f012d90\" data-element_type=\"widget\" data-e-type=\"widget\" data-widget_type=\"heading.default\">\n\t\t\t\t<div class=\"elementor-widget-container\">\n\t\t\t\t\t<h4 class=\"elementor-heading-title elementor-size-default\">Archivos de registro\n<\/h4>\t\t\t\t<\/div>\n\t\t\t\t<\/div>\n\t\t\t\t<div class=\"elementor-element elementor-element-80a1fcb elementor-widget elementor-widget-text-editor\" data-id=\"80a1fcb\" data-element_type=\"widget\" data-e-type=\"widget\" data-widget_type=\"text-editor.default\">\n\t\t\t\t<div class=\"elementor-widget-container\">\n\t\t\t\t\t\t\t\t\tNeon The Chameleon sigue un procedimiento est\u00e1ndar de uso de archivos de registro. Estos archivos registran a los visitantes cuando visitan sitios web. Todas las empresas de alojamiento hacen esto y forman parte del an\u00e1lisis de los servicios de alojamiento. La informaci\u00f3n recopilada por los archivos de registro incluye direcciones de protocolo de Internet (IP), tipo de navegador, proveedor de servicios de Internet (ISP), sello de fecha y hora, p\u00e1ginas de referencia \/ salida y posiblemente el n\u00famero de clics. Estos no est\u00e1n vinculados a ninguna informaci\u00f3n que sea de identificaci\u00f3n personal. El prop\u00f3sito de la informaci\u00f3n es analizar tendencias, administrar el sitio, rastrear el movimiento de los usuarios en el sitio web y recopilar informaci\u00f3n demogr\u00e1fica.\t\t\t\t\t\t\t\t<\/div>\n\t\t\t\t<\/div>\n\t\t\t\t<div class=\"elementor-element elementor-element-c5e1eef elementor-widget elementor-widget-heading\" data-id=\"c5e1eef\" data-element_type=\"widget\" data-e-type=\"widget\" data-widget_type=\"heading.default\">\n\t\t\t\t<div class=\"elementor-widget-container\">\n\t\t\t\t\t<h4 class=\"elementor-heading-title elementor-size-default\">Cookies y Balizas Web<\/h4>\t\t\t\t<\/div>\n\t\t\t\t<\/div>\n\t\t\t\t<div class=\"elementor-element elementor-element-d9e95c2 elementor-widget elementor-widget-text-editor\" data-id=\"d9e95c2\" data-element_type=\"widget\" data-e-type=\"widget\" data-widget_type=\"text-editor.default\">\n\t\t\t\t<div class=\"elementor-widget-container\">\n\t\t\t\t\t\t\t\t\tComo cualquier otro sitio web, Neon The Chameleon utiliza &#8216;cookies&#8217;. Estas cookies se utilizan para almacenar informaci\u00f3n, incluidas las preferencias de los visitantes y las p\u00e1ginas del sitio web a las que el visitante accedi\u00f3 o visit\u00f3. La informaci\u00f3n se utiliza para optimizar la experiencia de los usuarios al personalizar el contenido de nuestra p\u00e1gina web en funci\u00f3n del tipo de navegador de los visitantes y \/ u otra informaci\u00f3n.\nPara obtener m\u00e1s informaci\u00f3n general sobre las cookies, lea &#8220;Qu\u00e9 son las cookies&#8221;.\t\t\t\t\t\t\t\t<\/div>\n\t\t\t\t<\/div>\n\t\t\t\t<div class=\"elementor-element elementor-element-a0bb9db elementor-widget elementor-widget-heading\" data-id=\"a0bb9db\" data-element_type=\"widget\" data-e-type=\"widget\" data-widget_type=\"heading.default\">\n\t\t\t\t<div class=\"elementor-widget-container\">\n\t\t\t\t\t<h4 class=\"elementor-heading-title elementor-size-default\">Pol\u00edticas de Privacidad de Socios Publicitarios<\/h4>\t\t\t\t<\/div>\n\t\t\t\t<\/div>\n\t\t\t\t<div class=\"elementor-element elementor-element-22ae361 elementor-widget elementor-widget-text-editor\" data-id=\"22ae361\" data-element_type=\"widget\" data-e-type=\"widget\" data-widget_type=\"text-editor.default\">\n\t\t\t\t<div class=\"elementor-widget-container\">\n\t\t\t\t\t\t\t\t\tPuede consultar esta lista para encontrar la Pol\u00edtica de privacidad de cada uno de los socios publicitarios de Neon The Chameleon.\nLos servidores de anuncios de terceros o las redes de anuncios utilizan tecnolog\u00edas como cookies, JavaScript o Web Beacons que se utilizan en sus respectivos anuncios y enlaces que aparecen en Neon The Chameleon, que se env\u00edan directamente al navegador de los usuarios. Reciben autom\u00e1ticamente su direcci\u00f3n IP cuando esto ocurre. Estas tecnolog\u00edas se utilizan para medir la efectividad de sus campa\u00f1as publicitarias y \/ o para personalizar el contenido publicitario que ve en los sitios web que visita.\nTenga en cuenta que Neon The Chameleon no tiene acceso ni control sobre estas cookies que utilizan los anunciantes de terceros.\t\t\t\t\t\t\t\t<\/div>\n\t\t\t\t<\/div>\n\t\t\t\t<div class=\"elementor-element elementor-element-5d5656f elementor-widget elementor-widget-heading\" data-id=\"5d5656f\" data-element_type=\"widget\" data-e-type=\"widget\" data-widget_type=\"heading.default\">\n\t\t\t\t<div class=\"elementor-widget-container\">\n\t\t\t\t\t<h4 class=\"elementor-heading-title elementor-size-default\">Pol\u00edticas de Privacidad de Terceros<\/h4>\t\t\t\t<\/div>\n\t\t\t\t<\/div>\n\t\t\t\t<div class=\"elementor-element elementor-element-1bed2d0 elementor-widget elementor-widget-text-editor\" data-id=\"1bed2d0\" data-element_type=\"widget\" data-e-type=\"widget\" data-widget_type=\"text-editor.default\">\n\t\t\t\t<div class=\"elementor-widget-container\">\n\t\t\t\t\t\t\t\t\tLa Pol\u00edtica de privacidad de Neon The Chameleon no se aplica a otros anunciantes o sitios web. Por lo tanto, le recomendamos que consulte las respectivas Pol\u00edticas de Privacidad de estos servidores de anuncios de terceros para obtener informaci\u00f3n m\u00e1s detallada. Puede incluir sus pr\u00e1cticas e instrucciones sobre c\u00f3mo excluirse de determinadas opciones.\nPuede optar por deshabilitar las cookies a trav\u00e9s de las opciones de su navegador individual. Para conocer informaci\u00f3n m\u00e1s detallada sobre la gesti\u00f3n de cookies con navegadores web espec\u00edficos, se puede encontrar en los respectivos sitios web de los navegadores.\t\t\t\t\t\t\t\t<\/div>\n\t\t\t\t<\/div>\n\t\t\t\t<div class=\"elementor-element elementor-element-c8a7585 elementor-widget elementor-widget-heading\" data-id=\"c8a7585\" data-element_type=\"widget\" data-e-type=\"widget\" data-widget_type=\"heading.default\">\n\t\t\t\t<div class=\"elementor-widget-container\">\n\t\t\t\t\t<h4 class=\"elementor-heading-title elementor-size-default\">Derechos de privacidad de la CCPA (no vender mi informaci\u00f3n personal)\n<\/h4>\t\t\t\t<\/div>\n\t\t\t\t<\/div>\n\t\t\t\t<div class=\"elementor-element elementor-element-99eee35 elementor-widget elementor-widget-text-editor\" data-id=\"99eee35\" data-element_type=\"widget\" data-e-type=\"widget\" data-widget_type=\"text-editor.default\">\n\t\t\t\t<div class=\"elementor-widget-container\">\n\t\t\t\t\t\t\t\t\tSeg\u00fan la CCPA, entre otros derechos, los consumidores de California tienen derecho a:\nSolicite que una empresa que recopila los datos personales de un consumidor divulgue las categor\u00edas y piezas espec\u00edficas de datos personales que una empresa ha recopilado sobre los consumidores.\nSolicitar que una empresa elimine cualquier dato personal sobre el consumidor que haya recopilado una empresa.\nSolicitar que una empresa que vende los datos personales de un consumidor no venda los datos personales del consumidor.\nSi realiza una solicitud, tenemos un mes para responderle. Si desea ejercer alguno de estos derechos, comun\u00edquese con nosotros.\t\t\t\t\t\t\t\t<\/div>\n\t\t\t\t<\/div>\n\t\t\t\t<div class=\"elementor-element elementor-element-b8c3b1c elementor-widget elementor-widget-heading\" data-id=\"b8c3b1c\" data-element_type=\"widget\" data-e-type=\"widget\" data-widget_type=\"heading.default\">\n\t\t\t\t<div class=\"elementor-widget-container\">\n\t\t\t\t\t<h4 class=\"elementor-heading-title elementor-size-default\">Derechos de protecci\u00f3n de datos del RGPD<\/h4>\t\t\t\t<\/div>\n\t\t\t\t<\/div>\n\t\t\t\t<div class=\"elementor-element elementor-element-c04804c elementor-widget elementor-widget-text-editor\" data-id=\"c04804c\" data-element_type=\"widget\" data-e-type=\"widget\" data-widget_type=\"text-editor.default\">\n\t\t\t\t<div class=\"elementor-widget-container\">\n\t\t\t\t\t\t\t\t\tNos gustar\u00eda asegurarnos de que conoce todos sus derechos de protecci\u00f3n de datos. Todo usuario tiene derecho a lo siguiente:\nEl derecho de acceso: tiene derecho a solicitar copias de sus datos personales. Es posible que le cobremos una peque\u00f1a tarifa por este servicio.\nEl derecho a la rectificaci\u00f3n: tiene derecho a solicitar que corrijamos cualquier informaci\u00f3n que crea que es inexacta. Tambi\u00e9n tiene derecho a solicitar que completemos la informaci\u00f3n que cree que est\u00e1 incompleta.\nEl derecho a borrar: tiene derecho a solicitar que borremos sus datos personales, bajo ciertas condiciones.\nEl derecho a restringir el procesamiento: tiene derecho a solicitar que restrinjamos el procesamiento de sus datos personales, bajo ciertas condiciones.\nEl derecho a oponerse al procesamiento: tiene derecho a oponerse a nuestro procesamiento de sus datos personales, bajo ciertas condiciones.\nEl derecho a la portabilidad de datos: tiene derecho a solicitar que transfiramos los datos que hemos recopilado a otra organizaci\u00f3n, o directamente a usted, bajo ciertas condiciones.\nSi realiza una solicitud, tenemos un mes para responderle. Si desea ejercer alguno de estos derechos, comun\u00edquese con nosotros.\t\t\t\t\t\t\t\t<\/div>\n\t\t\t\t<\/div>\n\t\t\t\t<div class=\"elementor-element elementor-element-476ab12 elementor-widget elementor-widget-heading\" data-id=\"476ab12\" data-element_type=\"widget\" data-e-type=\"widget\" data-widget_type=\"heading.default\">\n\t\t\t\t<div class=\"elementor-widget-container\">\n\t\t\t\t\t<h4 class=\"elementor-heading-title elementor-size-default\">Informaci\u00f3n para ni\u00f1os<\/h4>\t\t\t\t<\/div>\n\t\t\t\t<\/div>\n\t\t\t\t<div class=\"elementor-element elementor-element-32cea55 elementor-widget elementor-widget-text-editor\" data-id=\"32cea55\" data-element_type=\"widget\" data-e-type=\"widget\" data-widget_type=\"text-editor.default\">\n\t\t\t\t<div class=\"elementor-widget-container\">\n\t\t\t\t\t\t\t\t\tOtra parte de nuestra prioridad es agregar protecci\u00f3n para los ni\u00f1os mientras usan Internet. Alentamos a los padres y tutores a observar, participar y \/ o monitorear y guiar su actividad en l\u00ednea.\nNeon The Chameleon no recopila a sabiendas ninguna Informaci\u00f3n de identificaci\u00f3n personal de ni\u00f1os menores de 13 a\u00f1os. Si cree que su hijo proporcion\u00f3 este tipo de informaci\u00f3n en nuestro sitio web, le recomendamos encarecidamente que se comunique con nosotros de inmediato y haremos todo lo posible para eliminar r\u00e1pidamente dicha informaci\u00f3n de nuestros registros.\t\t\t\t\t\t\t\t<\/div>\n\t\t\t\t<\/div>\n\t\t\t\t\t<\/div>\n\t\t<\/div>\n\t\t\t\t\t<\/div>\n\t\t<\/section>\n\t\t\t\t<\/div>\n\t\t","protected":false},"excerpt":{"rendered":"<p>Pol\u00edtica de privacidad de The Indigo Box, LLC En Neon The Chameleon, accesible desde https:\/\/neonthechameleon.com, una de nuestras principales prioridades es la privacidad de nuestros visitantes. Este documento de Pol\u00edtica de privacidad contiene tipos de informaci\u00f3n recopilada y registrada por Neon The Chameleon y c\u00f3mo la usamos. Si tiene preguntas adicionales o necesita m\u00e1s informaci\u00f3n [&hellip;]<\/p>\n","protected":false},"author":1,"featured_media":0,"parent":0,"menu_order":0,"comment_status":"closed","ping_status":"closed","template":"","meta":{"footnotes":""},"class_list":["post-785","page","type-page","status-publish","hentry"],"yoast_head":"<!-- This site is optimized with the Yoast SEO plugin v27.0 - https:\/\/yoast.com\/product\/yoast-seo-wordpress\/ -->\n<title>Pol\u00edtica de privacidad de The Indigo Box, LL - Neon the Chameleon<\/title>\n<meta name=\"robots\" content=\"index, follow, max-snippet:-1, max-image-preview:large, max-video-preview:-1\" \/>\n<link rel=\"canonical\" href=\"https:\/\/neonthechameleon.com\/es\/politica-de-privacidad-de-the-indigo-box-ll\/\" \/>\n<meta property=\"og:locale\" content=\"es_ES\" \/>\n<meta property=\"og:type\" content=\"article\" \/>\n<meta property=\"og:title\" content=\"Pol\u00edtica de privacidad de The Indigo Box, LL - Neon the Chameleon\" \/>\n<meta property=\"og:description\" content=\"Pol\u00edtica de privacidad de The Indigo Box, LLC En Neon The Chameleon, accesible desde https:\/\/neonthechameleon.com, una de nuestras principales prioridades es la privacidad de nuestros visitantes. Este documento de Pol\u00edtica de privacidad contiene tipos de informaci\u00f3n recopilada y registrada por Neon The Chameleon y c\u00f3mo la usamos. Si tiene preguntas adicionales o necesita m\u00e1s informaci\u00f3n [&hellip;]\" \/>\n<meta property=\"og:url\" content=\"https:\/\/neonthechameleon.com\/es\/politica-de-privacidad-de-the-indigo-box-ll\/\" \/>\n<meta property=\"og:site_name\" content=\"Neon the Chameleon\" \/>\n<meta property=\"article:modified_time\" content=\"2021-08-15T17:22:57+00:00\" \/>\n<meta name=\"twitter:card\" content=\"summary_large_image\" \/>\n<meta name=\"twitter:label1\" content=\"Tiempo de lectura\" \/>\n\t<meta name=\"twitter:data1\" content=\"6 minutos\" \/>\n<script type=\"application\/ld+json\" class=\"yoast-schema-graph\">{\"@context\":\"https:\/\/schema.org\",\"@graph\":[{\"@type\":\"WebPage\",\"@id\":\"https:\/\/neonthechameleon.com\/es\/politica-de-privacidad-de-the-indigo-box-ll\/\",\"url\":\"https:\/\/neonthechameleon.com\/es\/politica-de-privacidad-de-the-indigo-box-ll\/\",\"name\":\"Pol\u00edtica de privacidad de The Indigo Box, LL - Neon the Chameleon\",\"isPartOf\":{\"@id\":\"https:\/\/neonthechameleon.com\/es\/#website\"},\"datePublished\":\"2021-07-03T00:13:43+00:00\",\"dateModified\":\"2021-08-15T17:22:57+00:00\",\"breadcrumb\":{\"@id\":\"https:\/\/neonthechameleon.com\/es\/politica-de-privacidad-de-the-indigo-box-ll\/#breadcrumb\"},\"inLanguage\":\"es\",\"potentialAction\":[{\"@type\":\"ReadAction\",\"target\":[\"https:\/\/neonthechameleon.com\/es\/politica-de-privacidad-de-the-indigo-box-ll\/\"]}]},{\"@type\":\"BreadcrumbList\",\"@id\":\"https:\/\/neonthechameleon.com\/es\/politica-de-privacidad-de-the-indigo-box-ll\/#breadcrumb\",\"itemListElement\":[{\"@type\":\"ListItem\",\"position\":1,\"name\":\"Home\",\"item\":\"https:\/\/neonthechameleon.com\/es\/\"},{\"@type\":\"ListItem\",\"position\":2,\"name\":\"Pol\u00edtica de privacidad de The Indigo Box, LL\"}]},{\"@type\":\"WebSite\",\"@id\":\"https:\/\/neonthechameleon.com\/es\/#website\",\"url\":\"https:\/\/neonthechameleon.com\/es\/\",\"name\":\"Neon the Chameleon\",\"description\":\"The book Neon the Chameleon\",\"potentialAction\":[{\"@type\":\"SearchAction\",\"target\":{\"@type\":\"EntryPoint\",\"urlTemplate\":\"https:\/\/neonthechameleon.com\/es\/?s={search_term_string}\"},\"query-input\":{\"@type\":\"PropertyValueSpecification\",\"valueRequired\":true,\"valueName\":\"search_term_string\"}}],\"inLanguage\":\"es\"}]}<\/script>\n<!-- \/ Yoast SEO plugin. -->","yoast_head_json":{"title":"Pol\u00edtica de privacidad de The Indigo Box, LL - Neon the Chameleon","robots":{"index":"index","follow":"follow","max-snippet":"max-snippet:-1","max-image-preview":"max-image-preview:large","max-video-preview":"max-video-preview:-1"},"canonical":"https:\/\/neonthechameleon.com\/es\/politica-de-privacidad-de-the-indigo-box-ll\/","og_locale":"es_ES","og_type":"article","og_title":"Pol\u00edtica de privacidad de The Indigo Box, LL - Neon the Chameleon","og_description":"Pol\u00edtica de privacidad de The Indigo Box, LLC En Neon The Chameleon, accesible desde https:\/\/neonthechameleon.com, una de nuestras principales prioridades es la privacidad de nuestros visitantes. Este documento de Pol\u00edtica de privacidad contiene tipos de informaci\u00f3n recopilada y registrada por Neon The Chameleon y c\u00f3mo la usamos. Si tiene preguntas adicionales o necesita m\u00e1s informaci\u00f3n [&hellip;]","og_url":"https:\/\/neonthechameleon.com\/es\/politica-de-privacidad-de-the-indigo-box-ll\/","og_site_name":"Neon the Chameleon","article_modified_time":"2021-08-15T17:22:57+00:00","twitter_card":"summary_large_image","twitter_misc":{"Tiempo de lectura":"6 minutos"},"schema":{"@context":"https:\/\/schema.org","@graph":[{"@type":"WebPage","@id":"https:\/\/neonthechameleon.com\/es\/politica-de-privacidad-de-the-indigo-box-ll\/","url":"https:\/\/neonthechameleon.com\/es\/politica-de-privacidad-de-the-indigo-box-ll\/","name":"Pol\u00edtica de privacidad de The Indigo Box, LL - Neon the Chameleon","isPartOf":{"@id":"https:\/\/neonthechameleon.com\/es\/#website"},"datePublished":"2021-07-03T00:13:43+00:00","dateModified":"2021-08-15T17:22:57+00:00","breadcrumb":{"@id":"https:\/\/neonthechameleon.com\/es\/politica-de-privacidad-de-the-indigo-box-ll\/#breadcrumb"},"inLanguage":"es","potentialAction":[{"@type":"ReadAction","target":["https:\/\/neonthechameleon.com\/es\/politica-de-privacidad-de-the-indigo-box-ll\/"]}]},{"@type":"BreadcrumbList","@id":"https:\/\/neonthechameleon.com\/es\/politica-de-privacidad-de-the-indigo-box-ll\/#breadcrumb","itemListElement":[{"@type":"ListItem","position":1,"name":"Home","item":"https:\/\/neonthechameleon.com\/es\/"},{"@type":"ListItem","position":2,"name":"Pol\u00edtica de privacidad de The Indigo Box, LL"}]},{"@type":"WebSite","@id":"https:\/\/neonthechameleon.com\/es\/#website","url":"https:\/\/neonthechameleon.com\/es\/","name":"Neon the Chameleon","description":"The book Neon the Chameleon","potentialAction":[{"@type":"SearchAction","target":{"@type":"EntryPoint","urlTemplate":"https:\/\/neonthechameleon.com\/es\/?s={search_term_string}"},"query-input":{"@type":"PropertyValueSpecification","valueRequired":true,"valueName":"search_term_string"}}],"inLanguage":"es"}]}},"_links":{"self":[{"href":"https:\/\/neonthechameleon.com\/es\/wp-json\/wp\/v2\/pages\/785","targetHints":{"allow":["GET"]}}],"collection":[{"href":"https:\/\/neonthechameleon.com\/es\/wp-json\/wp\/v2\/pages"}],"about":[{"href":"https:\/\/neonthechameleon.com\/es\/wp-json\/wp\/v2\/types\/page"}],"author":[{"embeddable":true,"href":"https:\/\/neonthechameleon.com\/es\/wp-json\/wp\/v2\/users\/1"}],"replies":[{"embeddable":true,"href":"https:\/\/neonthechameleon.com\/es\/wp-json\/wp\/v2\/comments?post=785"}],"version-history":[{"count":21,"href":"https:\/\/neonthechameleon.com\/es\/wp-json\/wp\/v2\/pages\/785\/revisions"}],"predecessor-version":[{"id":1241,"href":"https:\/\/neonthechameleon.com\/es\/wp-json\/wp\/v2\/pages\/785\/revisions\/1241"}],"wp:attachment":[{"href":"https:\/\/neonthechameleon.com\/es\/wp-json\/wp\/v2\/media?parent=785"}],"curies":[{"name":"wp","href":"https:\/\/api.w.org\/{rel}","templated":true}]}}