{"id":798,"date":"2021-07-03T00:58:43","date_gmt":"2021-07-03T00:58:43","guid":{"rendered":"https:\/\/neonthechameleon.com\/?page_id=798"},"modified":"2021-08-15T17:22:40","modified_gmt":"2021-08-15T17:22:40","slug":"politica-de-envios","status":"publish","type":"page","link":"https:\/\/neonthechameleon.com\/es\/politica-de-envios\/","title":{"rendered":"Pol\u00edtica de Env\u00edos"},"content":{"rendered":"\t\t<div data-elementor-type=\"wp-page\" data-elementor-id=\"798\" class=\"elementor elementor-798\">\n\t\t\t\t\t\t<section class=\"elementor-section elementor-top-section elementor-element elementor-element-ea5605c elementor-section-boxed elementor-section-height-default elementor-section-height-default\" data-id=\"ea5605c\" data-element_type=\"section\" data-e-type=\"section\">\n\t\t\t\t\t\t<div class=\"elementor-container elementor-column-gap-default\">\n\t\t\t\t\t<div class=\"elementor-column elementor-col-100 elementor-top-column elementor-element elementor-element-cb6c9ba\" data-id=\"cb6c9ba\" data-element_type=\"column\" data-e-type=\"column\">\n\t\t\t<div class=\"elementor-widget-wrap\">\n\t\t\t\t\t\t\t<\/div>\n\t\t<\/div>\n\t\t\t\t\t<\/div>\n\t\t<\/section>\n\t\t\t\t<section class=\"elementor-section elementor-top-section elementor-element elementor-element-ddcf7ff elementor-section-boxed elementor-section-height-default elementor-section-height-default\" data-id=\"ddcf7ff\" data-element_type=\"section\" data-e-type=\"section\">\n\t\t\t\t\t\t<div class=\"elementor-container elementor-column-gap-default\">\n\t\t\t\t\t<div class=\"elementor-column elementor-col-100 elementor-top-column elementor-element elementor-element-d791998\" data-id=\"d791998\" data-element_type=\"column\" data-e-type=\"column\">\n\t\t\t<div class=\"elementor-widget-wrap\">\n\t\t\t\t\t\t\t<\/div>\n\t\t<\/div>\n\t\t\t\t\t<\/div>\n\t\t<\/section>\n\t\t\t\t<section class=\"elementor-section elementor-top-section elementor-element elementor-element-cb88ee2 elementor-section-height-min-height elementor-section-stretched elementor-section-boxed elementor-section-height-default elementor-section-items-middle\" data-id=\"cb88ee2\" data-element_type=\"section\" data-e-type=\"section\" data-settings=\"{&quot;stretch_section&quot;:&quot;section-stretched&quot;,&quot;background_background&quot;:&quot;classic&quot;}\">\n\t\t\t\t\t\t<div class=\"elementor-container elementor-column-gap-default\">\n\t\t\t\t\t<div class=\"elementor-column elementor-col-50 elementor-top-column elementor-element elementor-element-a08f6fc\" data-id=\"a08f6fc\" data-element_type=\"column\" data-e-type=\"column\">\n\t\t\t<div class=\"elementor-widget-wrap elementor-element-populated\">\n\t\t\t\t\t\t<div class=\"elementor-element elementor-element-e8a1392 elementor-widget elementor-widget-heading\" data-id=\"e8a1392\" data-element_type=\"widget\" data-e-type=\"widget\" data-widget_type=\"heading.default\">\n\t\t\t\t<div class=\"elementor-widget-container\">\n\t\t\t\t\t<h2 class=\"elementor-heading-title elementor-size-default\">Pol\u00edtica de Env\u00edos<\/h2>\t\t\t\t<\/div>\n\t\t\t\t<\/div>\n\t\t\t\t\t<\/div>\n\t\t<\/div>\n\t\t\t\t<div class=\"elementor-column elementor-col-50 elementor-top-column elementor-element elementor-element-d2c4e17\" data-id=\"d2c4e17\" data-element_type=\"column\" data-e-type=\"column\">\n\t\t\t<div class=\"elementor-widget-wrap\">\n\t\t\t\t\t\t\t<\/div>\n\t\t<\/div>\n\t\t\t\t\t<\/div>\n\t\t<\/section>\n\t\t\t\t<section class=\"elementor-section elementor-top-section elementor-element elementor-element-c1174f9 elementor-section-boxed elementor-section-height-default elementor-section-height-default\" data-id=\"c1174f9\" data-element_type=\"section\" data-e-type=\"section\">\n\t\t\t\t\t\t<div class=\"elementor-container elementor-column-gap-default\">\n\t\t\t\t\t<div class=\"elementor-column elementor-col-100 elementor-top-column elementor-element elementor-element-8005b72\" data-id=\"8005b72\" data-element_type=\"column\" data-e-type=\"column\">\n\t\t\t<div class=\"elementor-widget-wrap elementor-element-populated\">\n\t\t\t\t\t\t<div class=\"elementor-element elementor-element-91fde41 elementor-widget elementor-widget-text-editor\" data-id=\"91fde41\" data-element_type=\"widget\" data-e-type=\"widget\" data-widget_type=\"text-editor.default\">\n\t\t\t\t<div class=\"elementor-widget-container\">\n\t\t\t\t\t\t\t\t\t<p>Nuestros art\u00edculos se env\u00edan generalmente en 48 horas. Nuestro env\u00edo es r\u00e1pido y generalmente llegar\u00e1 de 3 a 5 d\u00edas despu\u00e9s de que se envi\u00f3 el art\u00edculo.<br \/>Si tiene preguntas sobre su pedido, no dude en contactarnos en\u00a0<\/p><p><a href=\"mailto:customerservice@neonthechameleon.com\">customerservice@neonthechameleon.com<\/a>.<\/p>\t\t\t\t\t\t\t\t<\/div>\n\t\t\t\t<\/div>\n\t\t\t\t\t<\/div>\n\t\t<\/div>\n\t\t\t\t\t<\/div>\n\t\t<\/section>\n\t\t\t\t<\/div>\n\t\t","protected":false},"excerpt":{"rendered":"<p>Pol\u00edtica de Env\u00edos Nuestros art\u00edculos se env\u00edan generalmente en 48 horas. Nuestro env\u00edo es r\u00e1pido y generalmente llegar\u00e1 de 3 a 5 d\u00edas despu\u00e9s de que se envi\u00f3 el art\u00edculo.Si tiene preguntas sobre su pedido, no dude en contactarnos en\u00a0 customerservice@neonthechameleon.com.<\/p>\n","protected":false},"author":1,"featured_media":0,"parent":0,"menu_order":0,"comment_status":"closed","ping_status":"closed","template":"","meta":{"footnotes":""},"class_list":["post-798","page","type-page","status-publish","hentry"],"yoast_head":"<!-- This site is optimized with the Yoast SEO plugin v27.0 - https:\/\/yoast.com\/product\/yoast-seo-wordpress\/ -->\n<title>Pol\u00edtica de Env\u00edos - Neon the Chameleon<\/title>\n<meta name=\"robots\" content=\"index, follow, max-snippet:-1, max-image-preview:large, max-video-preview:-1\" \/>\n<link rel=\"canonical\" href=\"https:\/\/neonthechameleon.com\/es\/politica-de-envios\/\" \/>\n<meta property=\"og:locale\" content=\"es_ES\" \/>\n<meta property=\"og:type\" content=\"article\" \/>\n<meta property=\"og:title\" content=\"Pol\u00edtica de Env\u00edos - Neon the Chameleon\" \/>\n<meta property=\"og:description\" content=\"Pol\u00edtica de Env\u00edos Nuestros art\u00edculos se env\u00edan generalmente en 48 horas. Nuestro env\u00edo es r\u00e1pido y generalmente llegar\u00e1 de 3 a 5 d\u00edas despu\u00e9s de que se envi\u00f3 el art\u00edculo.Si tiene preguntas sobre su pedido, no dude en contactarnos en\u00a0 customerservice@neonthechameleon.com.\" \/>\n<meta property=\"og:url\" content=\"https:\/\/neonthechameleon.com\/es\/politica-de-envios\/\" \/>\n<meta property=\"og:site_name\" content=\"Neon the Chameleon\" \/>\n<meta property=\"article:modified_time\" content=\"2021-08-15T17:22:40+00:00\" \/>\n<meta name=\"twitter:card\" content=\"summary_large_image\" \/>\n<meta name=\"twitter:label1\" content=\"Tiempo de lectura\" \/>\n\t<meta name=\"twitter:data1\" content=\"1 minuto\" \/>\n<script type=\"application\/ld+json\" class=\"yoast-schema-graph\">{\"@context\":\"https:\/\/schema.org\",\"@graph\":[{\"@type\":\"WebPage\",\"@id\":\"https:\/\/neonthechameleon.com\/es\/politica-de-envios\/\",\"url\":\"https:\/\/neonthechameleon.com\/es\/politica-de-envios\/\",\"name\":\"Pol\u00edtica de Env\u00edos - Neon the Chameleon\",\"isPartOf\":{\"@id\":\"https:\/\/neonthechameleon.com\/es\/#website\"},\"datePublished\":\"2021-07-03T00:58:43+00:00\",\"dateModified\":\"2021-08-15T17:22:40+00:00\",\"breadcrumb\":{\"@id\":\"https:\/\/neonthechameleon.com\/es\/politica-de-envios\/#breadcrumb\"},\"inLanguage\":\"es\",\"potentialAction\":[{\"@type\":\"ReadAction\",\"target\":[\"https:\/\/neonthechameleon.com\/es\/politica-de-envios\/\"]}]},{\"@type\":\"BreadcrumbList\",\"@id\":\"https:\/\/neonthechameleon.com\/es\/politica-de-envios\/#breadcrumb\",\"itemListElement\":[{\"@type\":\"ListItem\",\"position\":1,\"name\":\"Home\",\"item\":\"https:\/\/neonthechameleon.com\/es\/\"},{\"@type\":\"ListItem\",\"position\":2,\"name\":\"Pol\u00edtica de Env\u00edos\"}]},{\"@type\":\"WebSite\",\"@id\":\"https:\/\/neonthechameleon.com\/es\/#website\",\"url\":\"https:\/\/neonthechameleon.com\/es\/\",\"name\":\"Neon the Chameleon\",\"description\":\"The book Neon the Chameleon\",\"potentialAction\":[{\"@type\":\"SearchAction\",\"target\":{\"@type\":\"EntryPoint\",\"urlTemplate\":\"https:\/\/neonthechameleon.com\/es\/?s={search_term_string}\"},\"query-input\":{\"@type\":\"PropertyValueSpecification\",\"valueRequired\":true,\"valueName\":\"search_term_string\"}}],\"inLanguage\":\"es\"}]}<\/script>\n<!-- \/ Yoast SEO plugin. -->","yoast_head_json":{"title":"Pol\u00edtica de Env\u00edos - Neon the Chameleon","robots":{"index":"index","follow":"follow","max-snippet":"max-snippet:-1","max-image-preview":"max-image-preview:large","max-video-preview":"max-video-preview:-1"},"canonical":"https:\/\/neonthechameleon.com\/es\/politica-de-envios\/","og_locale":"es_ES","og_type":"article","og_title":"Pol\u00edtica de Env\u00edos - Neon the Chameleon","og_description":"Pol\u00edtica de Env\u00edos Nuestros art\u00edculos se env\u00edan generalmente en 48 horas. Nuestro env\u00edo es r\u00e1pido y generalmente llegar\u00e1 de 3 a 5 d\u00edas despu\u00e9s de que se envi\u00f3 el art\u00edculo.Si tiene preguntas sobre su pedido, no dude en contactarnos en\u00a0 customerservice@neonthechameleon.com.","og_url":"https:\/\/neonthechameleon.com\/es\/politica-de-envios\/","og_site_name":"Neon the Chameleon","article_modified_time":"2021-08-15T17:22:40+00:00","twitter_card":"summary_large_image","twitter_misc":{"Tiempo de lectura":"1 minuto"},"schema":{"@context":"https:\/\/schema.org","@graph":[{"@type":"WebPage","@id":"https:\/\/neonthechameleon.com\/es\/politica-de-envios\/","url":"https:\/\/neonthechameleon.com\/es\/politica-de-envios\/","name":"Pol\u00edtica de Env\u00edos - Neon the Chameleon","isPartOf":{"@id":"https:\/\/neonthechameleon.com\/es\/#website"},"datePublished":"2021-07-03T00:58:43+00:00","dateModified":"2021-08-15T17:22:40+00:00","breadcrumb":{"@id":"https:\/\/neonthechameleon.com\/es\/politica-de-envios\/#breadcrumb"},"inLanguage":"es","potentialAction":[{"@type":"ReadAction","target":["https:\/\/neonthechameleon.com\/es\/politica-de-envios\/"]}]},{"@type":"BreadcrumbList","@id":"https:\/\/neonthechameleon.com\/es\/politica-de-envios\/#breadcrumb","itemListElement":[{"@type":"ListItem","position":1,"name":"Home","item":"https:\/\/neonthechameleon.com\/es\/"},{"@type":"ListItem","position":2,"name":"Pol\u00edtica de Env\u00edos"}]},{"@type":"WebSite","@id":"https:\/\/neonthechameleon.com\/es\/#website","url":"https:\/\/neonthechameleon.com\/es\/","name":"Neon the Chameleon","description":"The book Neon the Chameleon","potentialAction":[{"@type":"SearchAction","target":{"@type":"EntryPoint","urlTemplate":"https:\/\/neonthechameleon.com\/es\/?s={search_term_string}"},"query-input":{"@type":"PropertyValueSpecification","valueRequired":true,"valueName":"search_term_string"}}],"inLanguage":"es"}]}},"_links":{"self":[{"href":"https:\/\/neonthechameleon.com\/es\/wp-json\/wp\/v2\/pages\/798","targetHints":{"allow":["GET"]}}],"collection":[{"href":"https:\/\/neonthechameleon.com\/es\/wp-json\/wp\/v2\/pages"}],"about":[{"href":"https:\/\/neonthechameleon.com\/es\/wp-json\/wp\/v2\/types\/page"}],"author":[{"embeddable":true,"href":"https:\/\/neonthechameleon.com\/es\/wp-json\/wp\/v2\/users\/1"}],"replies":[{"embeddable":true,"href":"https:\/\/neonthechameleon.com\/es\/wp-json\/wp\/v2\/comments?post=798"}],"version-history":[{"count":21,"href":"https:\/\/neonthechameleon.com\/es\/wp-json\/wp\/v2\/pages\/798\/revisions"}],"predecessor-version":[{"id":1618,"href":"https:\/\/neonthechameleon.com\/es\/wp-json\/wp\/v2\/pages\/798\/revisions\/1618"}],"wp:attachment":[{"href":"https:\/\/neonthechameleon.com\/es\/wp-json\/wp\/v2\/media?parent=798"}],"curies":[{"name":"wp","href":"https:\/\/api.w.org\/{rel}","templated":true}]}}