{"id":802,"date":"2021-07-03T01:15:29","date_gmt":"2021-07-03T01:15:29","guid":{"rendered":"https:\/\/neonthechameleon.com\/?page_id=802"},"modified":"2022-01-06T23:45:03","modified_gmt":"2022-01-06T23:45:03","slug":"politica-de-devoluciones","status":"publish","type":"page","link":"https:\/\/neonthechameleon.com\/es\/politica-de-devoluciones\/","title":{"rendered":"Pol\u00edtica de Devoluciones"},"content":{"rendered":"\t\t<div data-elementor-type=\"wp-page\" data-elementor-id=\"802\" class=\"elementor elementor-802\">\n\t\t\t\t\t\t<section class=\"elementor-section elementor-top-section elementor-element elementor-element-96c6eb0 elementor-section-boxed elementor-section-height-default elementor-section-height-default\" data-id=\"96c6eb0\" data-element_type=\"section\" data-e-type=\"section\">\n\t\t\t\t\t\t<div class=\"elementor-container elementor-column-gap-default\">\n\t\t\t\t\t<div class=\"elementor-column elementor-col-100 elementor-top-column elementor-element elementor-element-1a3303a\" data-id=\"1a3303a\" data-element_type=\"column\" data-e-type=\"column\">\n\t\t\t<div class=\"elementor-widget-wrap\">\n\t\t\t\t\t\t\t<\/div>\n\t\t<\/div>\n\t\t\t\t\t<\/div>\n\t\t<\/section>\n\t\t\t\t<section class=\"elementor-section elementor-top-section elementor-element elementor-element-db880ca elementor-section-boxed elementor-section-height-default elementor-section-height-default\" data-id=\"db880ca\" data-element_type=\"section\" data-e-type=\"section\">\n\t\t\t\t\t\t<div class=\"elementor-container elementor-column-gap-default\">\n\t\t\t\t\t<div class=\"elementor-column elementor-col-100 elementor-top-column elementor-element elementor-element-8515a28\" data-id=\"8515a28\" data-element_type=\"column\" data-e-type=\"column\">\n\t\t\t<div class=\"elementor-widget-wrap\">\n\t\t\t\t\t\t\t<\/div>\n\t\t<\/div>\n\t\t\t\t\t<\/div>\n\t\t<\/section>\n\t\t\t\t<section class=\"elementor-section elementor-top-section elementor-element elementor-element-b8a117f elementor-section-height-min-height elementor-section-stretched elementor-section-boxed elementor-section-height-default elementor-section-items-middle\" data-id=\"b8a117f\" data-element_type=\"section\" data-e-type=\"section\" data-settings=\"{&quot;stretch_section&quot;:&quot;section-stretched&quot;,&quot;background_background&quot;:&quot;classic&quot;}\">\n\t\t\t\t\t\t<div class=\"elementor-container elementor-column-gap-default\">\n\t\t\t\t\t<div class=\"elementor-column elementor-col-50 elementor-top-column elementor-element elementor-element-bfdb78c\" data-id=\"bfdb78c\" data-element_type=\"column\" data-e-type=\"column\">\n\t\t\t<div class=\"elementor-widget-wrap elementor-element-populated\">\n\t\t\t\t\t\t<div class=\"elementor-element elementor-element-39aa25e elementor-widget elementor-widget-heading\" data-id=\"39aa25e\" data-element_type=\"widget\" data-e-type=\"widget\" data-widget_type=\"heading.default\">\n\t\t\t\t<div class=\"elementor-widget-container\">\n\t\t\t\t\t<h2 class=\"elementor-heading-title elementor-size-default\">Pol\u00edtica de Devoluciones y Reembolsos<\/h2>\t\t\t\t<\/div>\n\t\t\t\t<\/div>\n\t\t\t\t\t<\/div>\n\t\t<\/div>\n\t\t\t\t<div class=\"elementor-column elementor-col-50 elementor-top-column elementor-element elementor-element-55702ca\" data-id=\"55702ca\" data-element_type=\"column\" data-e-type=\"column\">\n\t\t\t<div class=\"elementor-widget-wrap\">\n\t\t\t\t\t\t\t<\/div>\n\t\t<\/div>\n\t\t\t\t\t<\/div>\n\t\t<\/section>\n\t\t\t\t<section class=\"elementor-section elementor-top-section elementor-element elementor-element-58f5080 elementor-section-boxed elementor-section-height-default elementor-section-height-default\" data-id=\"58f5080\" data-element_type=\"section\" data-e-type=\"section\">\n\t\t\t\t\t\t<div class=\"elementor-container elementor-column-gap-default\">\n\t\t\t\t\t<div class=\"elementor-column elementor-col-100 elementor-top-column elementor-element elementor-element-00b5b9b\" data-id=\"00b5b9b\" data-element_type=\"column\" data-e-type=\"column\">\n\t\t\t<div class=\"elementor-widget-wrap elementor-element-populated\">\n\t\t\t\t\t\t<div class=\"elementor-element elementor-element-cf57133 elementor-widget elementor-widget-text-editor\" data-id=\"cf57133\" data-element_type=\"widget\" data-e-type=\"widget\" data-widget_type=\"text-editor.default\">\n\t\t\t\t<div class=\"elementor-widget-container\">\n\t\t\t\t\t\t\t\t\t<p>\u00daltima actualizaci\u00f3n: 22 de junio de 2021<\/p><p>Gracias por comprar en Neon The Chameleon.<\/p><p>Si, por cualquier motivo, no est\u00e1 completamente satisfecho con una compra, lo invitamos a revisar nuestra pol\u00edtica sobre reembolsos y devoluciones. Esta Pol\u00edtica de devoluciones y reembolsos se ha creado con la ayuda del Generador de pol\u00edticas de devoluciones y reembolsos.<\/p><p>Los siguientes t\u00e9rminos se aplican a cualquier producto que haya comprado con nosotros.<\/p>\t\t\t\t\t\t\t\t<\/div>\n\t\t\t\t<\/div>\n\t\t\t\t<div class=\"elementor-element elementor-element-f2c3706 elementor-widget elementor-widget-heading\" data-id=\"f2c3706\" data-element_type=\"widget\" data-e-type=\"widget\" data-widget_type=\"heading.default\">\n\t\t\t\t<div class=\"elementor-widget-container\">\n\t\t\t\t\t<h4 class=\"elementor-heading-title elementor-size-default\">Interpretaci\u00f3n y Definiciones <\/h4>\t\t\t\t<\/div>\n\t\t\t\t<\/div>\n\t\t\t\t<div class=\"elementor-element elementor-element-9195f1f elementor-widget elementor-widget-text-editor\" data-id=\"9195f1f\" data-element_type=\"widget\" data-e-type=\"widget\" data-widget_type=\"text-editor.default\">\n\t\t\t\t<div class=\"elementor-widget-container\">\n\t\t\t\t\t\t\t\t\t<p><strong>Interpretaci\u00f3n<\/strong><\/p><p>Las palabras cuya letra inicial est\u00e1 en may\u00fascula tienen significados definidos en las siguientes condiciones. Las siguientes definiciones tendr\u00e1n el mismo significado independientemente de que aparezcan en singular o en plural.<\/p><p><strong>Notas de la gerencia<\/strong><\/p><p>Debido a que trabajamos con tintas a base de vegetales, pueden producirse ligeras variaciones de color. Las variaciones de color no se consideran un defecto de fabricaci\u00f3n o un defecto de mano de obra y no califican para devoluciones.<\/p><p><strong>Definiciones<\/strong><\/p><p>A los efectos de esta Pol\u00edtica de devoluciones y reembolsos:<\/p><p>Compa\u00f1\u00eda (denominada &#8220;la Compa\u00f1\u00eda&#8221;, &#8220;Nosotros&#8221;, &#8220;Nos&#8221; o &#8220;Nuestro&#8221; en este Acuerdo) se refiere a The Indigo Box, PO Box 19932, Raleigh, NC 27619.<\/p><p>Los bienes se refieren a los art\u00edculos que se ofrecen a la venta en el Servicio.<\/p><p>\u00d3rdenes significa una solicitud por su parte para comprar nuestros Productos.<\/p><p>El servicio se refiere al sitio web.<\/p><p>El sitio web se refiere a Neon The Chameleon, accesible desde <a href=\"https:\/\/www.neonthechameleon.com\">https:\/\/www.neonthechameleon.com<\/a><\/p><p>Usted se refiere a la persona que accede o utiliza el Servicio, o la empresa u otra entidad legal en nombre de la cual dicha persona accede o utiliza el Servicio, seg\u00fan corresponda.<\/p>\t\t\t\t\t\t\t\t<\/div>\n\t\t\t\t<\/div>\n\t\t\t\t<div class=\"elementor-element elementor-element-4d715cf elementor-widget elementor-widget-heading\" data-id=\"4d715cf\" data-element_type=\"widget\" data-e-type=\"widget\" data-widget_type=\"heading.default\">\n\t\t\t\t<div class=\"elementor-widget-container\">\n\t\t\t\t\t<h4 class=\"elementor-heading-title elementor-size-default\">Sus Derechos de Cancelaci\u00f3n de Pedidos<\/h4>\t\t\t\t<\/div>\n\t\t\t\t<\/div>\n\t\t\t\t<div class=\"elementor-element elementor-element-495c361 elementor-widget elementor-widget-text-editor\" data-id=\"495c361\" data-element_type=\"widget\" data-e-type=\"widget\" data-widget_type=\"text-editor.default\">\n\t\t\t\t<div class=\"elementor-widget-container\">\n\t\t\t\t\t\t\t\t\tTiene derecho a cancelar y obtener un reembolso completo antes de que se haya enviado su art\u00edculo; para hacerlo, env\u00edenos un correo electr\u00f3nico a <a href=\"mailto:customerservice@neonthechameleon.com\">customerservice@neonthechameleon.com<\/a>\n\nPara ejercer su derecho de cancelaci\u00f3n, debe informarnos de su decisi\u00f3n mediante una declaraci\u00f3n clara. Puede informarnos de su decisi\u00f3n mediante:\n\nPor correo electr\u00f3nico a: <a href=\"mailto:customerservice@neonthechameleon.com\">customerservice@neonthechameleon.com<\/a>\n\nLe reembolsaremos a m\u00e1s tardar 14 d\u00edas a partir del d\u00eda en que recibamos los Productos devueltos. Usaremos el mismo medio de pago que us\u00f3 para el Pedido y no incurrir\u00e1 en ning\u00fan cargo por dicho reembolso.\t\t\t\t\t\t\t\t<\/div>\n\t\t\t\t<\/div>\n\t\t\t\t<div class=\"elementor-element elementor-element-31bf2cc elementor-widget elementor-widget-heading\" data-id=\"31bf2cc\" data-element_type=\"widget\" data-e-type=\"widget\" data-widget_type=\"heading.default\">\n\t\t\t\t<div class=\"elementor-widget-container\">\n\t\t\t\t\t<h4 class=\"elementor-heading-title elementor-size-default\">Da\u00f1os y problemas:\nEn la remota posibilidad de que est\u00e9n impresos<\/h4>\t\t\t\t<\/div>\n\t\t\t\t<\/div>\n\t\t\t\t<div class=\"elementor-element elementor-element-7fc275b elementor-widget elementor-widget-text-editor\" data-id=\"7fc275b\" data-element_type=\"widget\" data-e-type=\"widget\" data-widget_type=\"text-editor.default\">\n\t\t\t\t<div class=\"elementor-widget-container\">\n\t\t\t\t\t\t\t\t\tEn caso de que su libro impreso llegue da\u00f1ado, con un defecto de fabricaci\u00f3n del material o un defecto material en la mano de obra, cont\u00e1ctenos por correo electr\u00f3nico a\u00a0<a href=\"mailto:customerservice@neonthechameleon.com\">customerservice@neonthechameleon.com<\/a>\u00a0dentro de los 30 d\u00edas posteriores a la recepci\u00f3n y trabajaremos con usted para asegurar una copia de reemplazo si es necesario.\t\t\t\t\t\t\t\t<\/div>\n\t\t\t\t<\/div>\n\t\t\t\t<div class=\"elementor-element elementor-element-a8db703 elementor-widget elementor-widget-heading\" data-id=\"a8db703\" data-element_type=\"widget\" data-e-type=\"widget\" data-widget_type=\"heading.default\">\n\t\t\t\t<div class=\"elementor-widget-container\">\n\t\t\t\t\t<h4 class=\"elementor-heading-title elementor-size-default\">Condiciones para Devoluciones<\/h4>\t\t\t\t<\/div>\n\t\t\t\t<\/div>\n\t\t\t\t<div class=\"elementor-element elementor-element-a86985c elementor-widget elementor-widget-text-editor\" data-id=\"a86985c\" data-element_type=\"widget\" data-e-type=\"widget\" data-widget_type=\"text-editor.default\">\n\t\t\t\t<div class=\"elementor-widget-container\">\n\t\t\t\t\t\t\t\t\tTenga en cuenta que no permitimos devoluciones de productos digitales.\n\nSi los clientes tienen problemas con la entrega del libro electr\u00f3nico, env\u00ede un correo electr\u00f3nico a help@bookfunnel.com\ny ayudar\u00e1n a los clientes a llevar el libro a su dispositivo o aplicaci\u00f3n de lectura adecuados.\n\nPara nuestros productos f\u00edsicos,\n\nPara que los Productos sean elegibles para una devoluci\u00f3n, aseg\u00farese de que:\n\nLos Bienes fueron comprados en los \u00faltimos 30 d\u00edas a partir de la fecha en que Usted recibi\u00f3 los Bienes o en la que un tercero que usted haya designado, que no es el transportista, toma posesi\u00f3n del producto entregado.\n\nLos Productos deben estar en el embalaje original sellado.\n\nLos siguientes productos no se pueden devolver:\n\nEl suministro de Bienes confeccionados seg\u00fan Sus especificaciones o claramente personalizados.\n\nEl suministro de Bienes que por su naturaleza no sean aptos para ser devueltos, se deterioren r\u00e1pidamente o cuando la fecha de caducidad haya terminado.\n\nEl suministro de Bienes que no son aptos para devoluci\u00f3n por razones de protecci\u00f3n de la salud o higiene y fueron abiertos despu\u00e9s de la entrega.\n\nEl suministro de Bienes que, despu\u00e9s de la entrega, seg\u00fan su naturaleza, se mezclan inseparablemente con otros art\u00edculos.\n\nNos reservamos el derecho de rechazar devoluciones de cualquier mercanc\u00eda que no cumpla con las condiciones de devoluci\u00f3n anteriores a nuestro exclusivo criterio.\n\nSolo se pueden reembolsar los Productos a precio regular. Desafortunadamente, los Productos en oferta no se pueden reembolsar. Es posible que esta exclusi\u00f3n no se aplique a usted si no est\u00e1 permitida por la ley aplicable.\t\t\t\t\t\t\t\t<\/div>\n\t\t\t\t<\/div>\n\t\t\t\t<div class=\"elementor-element elementor-element-ec90afc elementor-widget elementor-widget-heading\" data-id=\"ec90afc\" data-element_type=\"widget\" data-e-type=\"widget\" data-widget_type=\"heading.default\">\n\t\t\t\t<div class=\"elementor-widget-container\">\n\t\t\t\t\t<h4 class=\"elementor-heading-title elementor-size-default\">Bienes Devueltos\n<\/h4>\t\t\t\t<\/div>\n\t\t\t\t<\/div>\n\t\t\t\t<div class=\"elementor-element elementor-element-73898ff elementor-widget elementor-widget-text-editor\" data-id=\"73898ff\" data-element_type=\"widget\" data-e-type=\"widget\" data-widget_type=\"text-editor.default\">\n\t\t\t\t<div class=\"elementor-widget-container\">\n\t\t\t\t\t\t\t\t\t<p>Usted es responsable del costo y riesgo de devolvernos los Productos. Debe enviar los Productos a la siguiente direcci\u00f3n:<br \/>PO Box 19932, Raleigh, NC 27619.\u00a0Incluya con su devoluci\u00f3n el Bien sellado y una breve nota que incluya su n\u00famero de pedido explicando el motivo de su devoluci\u00f3n. Recomendamos encarecidamente a los clientes que mantengan un registro de seguimiento o confirmaci\u00f3n de entrega cuando devuelvan art\u00edculos.<\/p><p>No nos hacemos responsables de los bienes da\u00f1ados o perdidos en el env\u00edo de devoluci\u00f3n. Por lo tanto, recomendamos un servicio de correo asegurado y rastreable. No podemos emitir un reembolso sin la recepci\u00f3n real de los Productos o prueba de la devoluci\u00f3n recibida.<\/p>\t\t\t\t\t\t\t\t<\/div>\n\t\t\t\t<\/div>\n\t\t\t\t<div class=\"elementor-element elementor-element-601b4ad elementor-widget elementor-widget-heading\" data-id=\"601b4ad\" data-element_type=\"widget\" data-e-type=\"widget\" data-widget_type=\"heading.default\">\n\t\t\t\t<div class=\"elementor-widget-container\">\n\t\t\t\t\t<h4 class=\"elementor-heading-title elementor-size-default\">Regalos\n<\/h4>\t\t\t\t<\/div>\n\t\t\t\t<\/div>\n\t\t\t\t<div class=\"elementor-element elementor-element-7191e2f elementor-widget elementor-widget-text-editor\" data-id=\"7191e2f\" data-element_type=\"widget\" data-e-type=\"widget\" data-widget_type=\"text-editor.default\">\n\t\t\t\t<div class=\"elementor-widget-container\">\n\t\t\t\t\t\t\t\t\tSi los Productos se marcaron como regalo cuando los compr\u00f3 y luego se le enviaron directamente, recibir\u00e1 un cr\u00e9dito de regalo por el valor de su devoluci\u00f3n. Una vez que se reciba el producto devuelto, se le enviar\u00e1 por correo un certificado de regalo.\n\nSi los Productos no se marcaron como un regalo cuando se compraron, o si el obsequio se envi\u00f3 el Pedido a s\u00ed mismo para entreg\u00e1rselo a Usted m\u00e1s tarde, le enviaremos el reembolso al obsequio.\t\t\t\t\t\t\t\t<\/div>\n\t\t\t\t<\/div>\n\t\t\t\t<div class=\"elementor-element elementor-element-b6034f4 elementor-widget elementor-widget-heading\" data-id=\"b6034f4\" data-element_type=\"widget\" data-e-type=\"widget\" data-widget_type=\"heading.default\">\n\t\t\t\t<div class=\"elementor-widget-container\">\n\t\t\t\t\t<h4 class=\"elementor-heading-title elementor-size-default\">Cont\u00e1ctenos\n<\/h4>\t\t\t\t<\/div>\n\t\t\t\t<\/div>\n\t\t\t\t<div class=\"elementor-element elementor-element-f0b2223 elementor-widget elementor-widget-text-editor\" data-id=\"f0b2223\" data-element_type=\"widget\" data-e-type=\"widget\" data-widget_type=\"text-editor.default\">\n\t\t\t\t<div class=\"elementor-widget-container\">\n\t\t\t\t\t\t\t\t\t<p>Si tiene alguna pregunta sobre nuestra Pol\u00edtica de devoluciones y reembolsos, comun\u00edquese con nosotros: Por correo electr\u00f3nico: <a href=\"mailto:customerservice@neonthechameleon.com\">customerservice@neonthechameleon.com<\/a><\/p>\t\t\t\t\t\t\t\t<\/div>\n\t\t\t\t<\/div>\n\t\t\t\t\t<\/div>\n\t\t<\/div>\n\t\t\t\t\t<\/div>\n\t\t<\/section>\n\t\t\t\t<\/div>\n\t\t","protected":false},"excerpt":{"rendered":"<p>Pol\u00edtica de Devoluciones y Reembolsos \u00daltima actualizaci\u00f3n: 22 de junio de 2021 Gracias por comprar en Neon The Chameleon. Si, por cualquier motivo, no est\u00e1 completamente satisfecho con una compra, lo invitamos a revisar nuestra pol\u00edtica sobre reembolsos y devoluciones. Esta Pol\u00edtica de devoluciones y reembolsos se ha creado con la ayuda del Generador de [&hellip;]<\/p>\n","protected":false},"author":1,"featured_media":0,"parent":0,"menu_order":0,"comment_status":"closed","ping_status":"closed","template":"","meta":{"footnotes":""},"class_list":["post-802","page","type-page","status-publish","hentry"],"yoast_head":"<!-- This site is optimized with the Yoast SEO plugin v27.0 - https:\/\/yoast.com\/product\/yoast-seo-wordpress\/ -->\n<title>Pol\u00edtica de Devoluciones - Neon the Chameleon<\/title>\n<meta name=\"robots\" content=\"index, follow, max-snippet:-1, max-image-preview:large, max-video-preview:-1\" \/>\n<link rel=\"canonical\" href=\"https:\/\/neonthechameleon.com\/es\/politica-de-devoluciones\/\" \/>\n<meta property=\"og:locale\" content=\"es_ES\" \/>\n<meta property=\"og:type\" content=\"article\" \/>\n<meta property=\"og:title\" content=\"Pol\u00edtica de Devoluciones - Neon the Chameleon\" \/>\n<meta property=\"og:description\" content=\"Pol\u00edtica de Devoluciones y Reembolsos \u00daltima actualizaci\u00f3n: 22 de junio de 2021 Gracias por comprar en Neon The Chameleon. Si, por cualquier motivo, no est\u00e1 completamente satisfecho con una compra, lo invitamos a revisar nuestra pol\u00edtica sobre reembolsos y devoluciones. Esta Pol\u00edtica de devoluciones y reembolsos se ha creado con la ayuda del Generador de [&hellip;]\" \/>\n<meta property=\"og:url\" content=\"https:\/\/neonthechameleon.com\/es\/politica-de-devoluciones\/\" \/>\n<meta property=\"og:site_name\" content=\"Neon the Chameleon\" \/>\n<meta property=\"article:modified_time\" content=\"2022-01-06T23:45:03+00:00\" \/>\n<meta name=\"twitter:card\" content=\"summary_large_image\" \/>\n<meta name=\"twitter:label1\" content=\"Tiempo de lectura\" \/>\n\t<meta name=\"twitter:data1\" content=\"4 minutos\" \/>\n<script type=\"application\/ld+json\" class=\"yoast-schema-graph\">{\"@context\":\"https:\/\/schema.org\",\"@graph\":[{\"@type\":\"WebPage\",\"@id\":\"https:\/\/neonthechameleon.com\/es\/politica-de-devoluciones\/\",\"url\":\"https:\/\/neonthechameleon.com\/es\/politica-de-devoluciones\/\",\"name\":\"Pol\u00edtica de Devoluciones - Neon the Chameleon\",\"isPartOf\":{\"@id\":\"https:\/\/neonthechameleon.com\/es\/#website\"},\"datePublished\":\"2021-07-03T01:15:29+00:00\",\"dateModified\":\"2022-01-06T23:45:03+00:00\",\"breadcrumb\":{\"@id\":\"https:\/\/neonthechameleon.com\/es\/politica-de-devoluciones\/#breadcrumb\"},\"inLanguage\":\"es\",\"potentialAction\":[{\"@type\":\"ReadAction\",\"target\":[\"https:\/\/neonthechameleon.com\/es\/politica-de-devoluciones\/\"]}]},{\"@type\":\"BreadcrumbList\",\"@id\":\"https:\/\/neonthechameleon.com\/es\/politica-de-devoluciones\/#breadcrumb\",\"itemListElement\":[{\"@type\":\"ListItem\",\"position\":1,\"name\":\"Home\",\"item\":\"https:\/\/neonthechameleon.com\/es\/\"},{\"@type\":\"ListItem\",\"position\":2,\"name\":\"Pol\u00edtica de Devoluciones\"}]},{\"@type\":\"WebSite\",\"@id\":\"https:\/\/neonthechameleon.com\/es\/#website\",\"url\":\"https:\/\/neonthechameleon.com\/es\/\",\"name\":\"Neon the Chameleon\",\"description\":\"The book Neon the Chameleon\",\"potentialAction\":[{\"@type\":\"SearchAction\",\"target\":{\"@type\":\"EntryPoint\",\"urlTemplate\":\"https:\/\/neonthechameleon.com\/es\/?s={search_term_string}\"},\"query-input\":{\"@type\":\"PropertyValueSpecification\",\"valueRequired\":true,\"valueName\":\"search_term_string\"}}],\"inLanguage\":\"es\"}]}<\/script>\n<!-- \/ Yoast SEO plugin. -->","yoast_head_json":{"title":"Pol\u00edtica de Devoluciones - Neon the Chameleon","robots":{"index":"index","follow":"follow","max-snippet":"max-snippet:-1","max-image-preview":"max-image-preview:large","max-video-preview":"max-video-preview:-1"},"canonical":"https:\/\/neonthechameleon.com\/es\/politica-de-devoluciones\/","og_locale":"es_ES","og_type":"article","og_title":"Pol\u00edtica de Devoluciones - Neon the Chameleon","og_description":"Pol\u00edtica de Devoluciones y Reembolsos \u00daltima actualizaci\u00f3n: 22 de junio de 2021 Gracias por comprar en Neon The Chameleon. Si, por cualquier motivo, no est\u00e1 completamente satisfecho con una compra, lo invitamos a revisar nuestra pol\u00edtica sobre reembolsos y devoluciones. Esta Pol\u00edtica de devoluciones y reembolsos se ha creado con la ayuda del Generador de [&hellip;]","og_url":"https:\/\/neonthechameleon.com\/es\/politica-de-devoluciones\/","og_site_name":"Neon the Chameleon","article_modified_time":"2022-01-06T23:45:03+00:00","twitter_card":"summary_large_image","twitter_misc":{"Tiempo de lectura":"4 minutos"},"schema":{"@context":"https:\/\/schema.org","@graph":[{"@type":"WebPage","@id":"https:\/\/neonthechameleon.com\/es\/politica-de-devoluciones\/","url":"https:\/\/neonthechameleon.com\/es\/politica-de-devoluciones\/","name":"Pol\u00edtica de Devoluciones - Neon the Chameleon","isPartOf":{"@id":"https:\/\/neonthechameleon.com\/es\/#website"},"datePublished":"2021-07-03T01:15:29+00:00","dateModified":"2022-01-06T23:45:03+00:00","breadcrumb":{"@id":"https:\/\/neonthechameleon.com\/es\/politica-de-devoluciones\/#breadcrumb"},"inLanguage":"es","potentialAction":[{"@type":"ReadAction","target":["https:\/\/neonthechameleon.com\/es\/politica-de-devoluciones\/"]}]},{"@type":"BreadcrumbList","@id":"https:\/\/neonthechameleon.com\/es\/politica-de-devoluciones\/#breadcrumb","itemListElement":[{"@type":"ListItem","position":1,"name":"Home","item":"https:\/\/neonthechameleon.com\/es\/"},{"@type":"ListItem","position":2,"name":"Pol\u00edtica de Devoluciones"}]},{"@type":"WebSite","@id":"https:\/\/neonthechameleon.com\/es\/#website","url":"https:\/\/neonthechameleon.com\/es\/","name":"Neon the Chameleon","description":"The book Neon the Chameleon","potentialAction":[{"@type":"SearchAction","target":{"@type":"EntryPoint","urlTemplate":"https:\/\/neonthechameleon.com\/es\/?s={search_term_string}"},"query-input":{"@type":"PropertyValueSpecification","valueRequired":true,"valueName":"search_term_string"}}],"inLanguage":"es"}]}},"_links":{"self":[{"href":"https:\/\/neonthechameleon.com\/es\/wp-json\/wp\/v2\/pages\/802","targetHints":{"allow":["GET"]}}],"collection":[{"href":"https:\/\/neonthechameleon.com\/es\/wp-json\/wp\/v2\/pages"}],"about":[{"href":"https:\/\/neonthechameleon.com\/es\/wp-json\/wp\/v2\/types\/page"}],"author":[{"embeddable":true,"href":"https:\/\/neonthechameleon.com\/es\/wp-json\/wp\/v2\/users\/1"}],"replies":[{"embeddable":true,"href":"https:\/\/neonthechameleon.com\/es\/wp-json\/wp\/v2\/comments?post=802"}],"version-history":[{"count":23,"href":"https:\/\/neonthechameleon.com\/es\/wp-json\/wp\/v2\/pages\/802\/revisions"}],"predecessor-version":[{"id":1336,"href":"https:\/\/neonthechameleon.com\/es\/wp-json\/wp\/v2\/pages\/802\/revisions\/1336"}],"wp:attachment":[{"href":"https:\/\/neonthechameleon.com\/es\/wp-json\/wp\/v2\/media?parent=802"}],"curies":[{"name":"wp","href":"https:\/\/api.w.org\/{rel}","templated":true}]}}