{"id":820,"date":"2021-07-09T00:40:56","date_gmt":"2021-07-09T00:40:56","guid":{"rendered":"https:\/\/neonthechameleon.com\/?post_type=product&#038;p=820"},"modified":"2022-08-15T00:53:45","modified_gmt":"2022-08-15T00:53:45","slug":"neon-the-chameleon","status":"publish","type":"product","link":"https:\/\/neonthechameleon.com\/es\/productos\/neon-the-chameleon\/","title":{"rendered":"Neon the Chameleon"},"content":{"rendered":"<p>Neon the Chameleon is learning English at school es un libro cautivador que describe de manera colorida las emociones que experimentan muchos estudiantes del idioma ingl\u00e9s (ELL, por sus siglas en ingl\u00e9s) mientras aprenden un segundo idioma en la escuela. Mientras los lectores siguen a Neon a lo largo de su d\u00eda escolar, Neon refleja sus emociones cambiando el color de su piel, lo que permite a los lectores ver y comprender el mundo interior de un ELL. El libro incluye recomendaciones para maestros y padres basadas en los m\u00e1s de 20 a\u00f1os de experiencia del autor trabajando con maestros y padres de estudiantes ELL. El sitio web ofrece una historia convincente sobre c\u00f3mo se cre\u00f3 el personaje de Neon y c\u00f3mo se escribi\u00f3 e imprimi\u00f3 el libro, as\u00ed como valiosos recursos para maestros y padres. <em>Neon the Chameleon is learning English at school<\/em> es un libro que todas las aulas y familias con ni\u00f1os peque\u00f1os biling\u00fces deber\u00edan tener. El libro est\u00e1 disponible en forma impresa y digital.<\/p>\n","protected":false},"excerpt":{"rendered":"<p><em>Neon the Chameleon is learning English at school<\/em> es un libro cautivador que describe de manera colorida las emociones que experimentan muchos aprendices del idioma ingl\u00e9s (ELL, por sus siglas en ingl\u00e9s) mientras aprenden un segundo idioma en la escuela.<\/p>\n<p>El libro est\u00e1 disponible en forma impresa y digital.<\/p>\n<h4>Reciba 10% de descuento en ordenes de 6 o m\u00e1s libros.<\/h4>\n","protected":false},"featured_media":824,"comment_status":"open","ping_status":"closed","template":"","meta":[],"product_brand":[],"product_cat":[18],"product_tag":[],"class_list":{"0":"post-820","1":"product","2":"type-product","3":"status-publish","4":"has-post-thumbnail","6":"product_cat-books","8":"first","9":"instock","10":"featured","11":"taxable","12":"shipping-taxable","13":"purchasable","14":"product-type-variable"},"yoast_head":"<!-- This site is optimized with the Yoast SEO plugin v27.0 - https:\/\/yoast.com\/product\/yoast-seo-wordpress\/ -->\n<title>Neon the Chameleon is learning English at school | Un libro para todos!<\/title>\n<meta name=\"description\" content=\"Un libro cautivador que describe de manera colorida las emociones que experimentan muchos estudiantes del idioma ingl\u00e9s en la escuela.\" \/>\n<meta name=\"robots\" content=\"index, follow, max-snippet:-1, max-image-preview:large, max-video-preview:-1\" \/>\n<link rel=\"canonical\" href=\"https:\/\/neonthechameleon.com\/es\/productos\/neon-the-chameleon\/\" \/>\n<meta property=\"og:locale\" content=\"es_ES\" \/>\n<meta property=\"og:type\" content=\"article\" \/>\n<meta property=\"og:title\" content=\"Neon the Chameleon is learning English at school | Un libro para todos!\" \/>\n<meta property=\"og:description\" content=\"Un libro cautivador que describe de manera colorida las emociones que experimentan muchos estudiantes del idioma ingl\u00e9s en la escuela.\" \/>\n<meta property=\"og:url\" content=\"https:\/\/neonthechameleon.com\/es\/productos\/neon-the-chameleon\/\" \/>\n<meta property=\"og:site_name\" content=\"Neon the Chameleon\" \/>\n<meta property=\"article:modified_time\" content=\"2022-08-15T00:53:45+00:00\" \/>\n<meta property=\"og:image\" content=\"https:\/\/neonthechameleon.com\/es\/wp-content\/uploads\/2021\/07\/book_1-min.jpg\" \/>\n\t<meta property=\"og:image:width\" content=\"1000\" \/>\n\t<meta property=\"og:image:height\" content=\"1000\" \/>\n\t<meta property=\"og:image:type\" content=\"image\/jpeg\" \/>\n<meta name=\"twitter:card\" content=\"summary_large_image\" \/>\n<meta name=\"twitter:label1\" content=\"Tiempo de lectura\" \/>\n\t<meta name=\"twitter:data1\" content=\"1 minuto\" \/>\n<script type=\"application\/ld+json\" class=\"yoast-schema-graph\">{\"@context\":\"https:\/\/schema.org\",\"@graph\":[{\"@type\":\"WebPage\",\"@id\":\"https:\/\/neonthechameleon.com\/es\/productos\/neon-the-chameleon\/\",\"url\":\"https:\/\/neonthechameleon.com\/es\/productos\/neon-the-chameleon\/\",\"name\":\"Neon the Chameleon is learning English at school | Un libro para todos!\",\"isPartOf\":{\"@id\":\"https:\/\/neonthechameleon.com\/es\/#website\"},\"primaryImageOfPage\":{\"@id\":\"https:\/\/neonthechameleon.com\/es\/productos\/neon-the-chameleon\/#primaryimage\"},\"image\":{\"@id\":\"https:\/\/neonthechameleon.com\/es\/productos\/neon-the-chameleon\/#primaryimage\"},\"thumbnailUrl\":\"https:\/\/neonthechameleon.com\/es\/wp-content\/uploads\/2021\/07\/book_1-min.jpg\",\"datePublished\":\"2021-07-09T00:40:56+00:00\",\"dateModified\":\"2022-08-15T00:53:45+00:00\",\"description\":\"Un libro cautivador que describe de manera colorida las emociones que experimentan muchos estudiantes del idioma ingl\u00e9s en la escuela.\",\"breadcrumb\":{\"@id\":\"https:\/\/neonthechameleon.com\/es\/productos\/neon-the-chameleon\/#breadcrumb\"},\"inLanguage\":\"es\",\"potentialAction\":[{\"@type\":\"ReadAction\",\"target\":[\"https:\/\/neonthechameleon.com\/es\/productos\/neon-the-chameleon\/\"]}]},{\"@type\":\"ImageObject\",\"inLanguage\":\"es\",\"@id\":\"https:\/\/neonthechameleon.com\/es\/productos\/neon-the-chameleon\/#primaryimage\",\"url\":\"https:\/\/neonthechameleon.com\/es\/wp-content\/uploads\/2021\/07\/book_1-min.jpg\",\"contentUrl\":\"https:\/\/neonthechameleon.com\/es\/wp-content\/uploads\/2021\/07\/book_1-min.jpg\",\"width\":1000,\"height\":1000},{\"@type\":\"BreadcrumbList\",\"@id\":\"https:\/\/neonthechameleon.com\/es\/productos\/neon-the-chameleon\/#breadcrumb\",\"itemListElement\":[{\"@type\":\"ListItem\",\"position\":1,\"name\":\"Home\",\"item\":\"https:\/\/neonthechameleon.com\/es\/\"},{\"@type\":\"ListItem\",\"position\":2,\"name\":\"Tienda\",\"item\":\"https:\/\/neonthechameleon.com\/es\/tienda\/\"},{\"@type\":\"ListItem\",\"position\":3,\"name\":\"Neon the Chameleon\"}]},{\"@type\":\"WebSite\",\"@id\":\"https:\/\/neonthechameleon.com\/es\/#website\",\"url\":\"https:\/\/neonthechameleon.com\/es\/\",\"name\":\"Neon the Chameleon\",\"description\":\"The book Neon the Chameleon\",\"potentialAction\":[{\"@type\":\"SearchAction\",\"target\":{\"@type\":\"EntryPoint\",\"urlTemplate\":\"https:\/\/neonthechameleon.com\/es\/?s={search_term_string}\"},\"query-input\":{\"@type\":\"PropertyValueSpecification\",\"valueRequired\":true,\"valueName\":\"search_term_string\"}}],\"inLanguage\":\"es\"}]}<\/script>\n<!-- \/ Yoast SEO plugin. -->","yoast_head_json":{"title":"Neon the Chameleon is learning English at school | Un libro para todos!","description":"Un libro cautivador que describe de manera colorida las emociones que experimentan muchos estudiantes del idioma ingl\u00e9s en la escuela.","robots":{"index":"index","follow":"follow","max-snippet":"max-snippet:-1","max-image-preview":"max-image-preview:large","max-video-preview":"max-video-preview:-1"},"canonical":"https:\/\/neonthechameleon.com\/es\/productos\/neon-the-chameleon\/","og_locale":"es_ES","og_type":"article","og_title":"Neon the Chameleon is learning English at school | Un libro para todos!","og_description":"Un libro cautivador que describe de manera colorida las emociones que experimentan muchos estudiantes del idioma ingl\u00e9s en la escuela.","og_url":"https:\/\/neonthechameleon.com\/es\/productos\/neon-the-chameleon\/","og_site_name":"Neon the Chameleon","article_modified_time":"2022-08-15T00:53:45+00:00","og_image":[{"width":1000,"height":1000,"url":"https:\/\/neonthechameleon.com\/es\/wp-content\/uploads\/2021\/07\/book_1-min.jpg","type":"image\/jpeg"}],"twitter_card":"summary_large_image","twitter_misc":{"Tiempo de lectura":"1 minuto"},"schema":{"@context":"https:\/\/schema.org","@graph":[{"@type":"WebPage","@id":"https:\/\/neonthechameleon.com\/es\/productos\/neon-the-chameleon\/","url":"https:\/\/neonthechameleon.com\/es\/productos\/neon-the-chameleon\/","name":"Neon the Chameleon is learning English at school | Un libro para todos!","isPartOf":{"@id":"https:\/\/neonthechameleon.com\/es\/#website"},"primaryImageOfPage":{"@id":"https:\/\/neonthechameleon.com\/es\/productos\/neon-the-chameleon\/#primaryimage"},"image":{"@id":"https:\/\/neonthechameleon.com\/es\/productos\/neon-the-chameleon\/#primaryimage"},"thumbnailUrl":"https:\/\/neonthechameleon.com\/es\/wp-content\/uploads\/2021\/07\/book_1-min.jpg","datePublished":"2021-07-09T00:40:56+00:00","dateModified":"2022-08-15T00:53:45+00:00","description":"Un libro cautivador que describe de manera colorida las emociones que experimentan muchos estudiantes del idioma ingl\u00e9s en la escuela.","breadcrumb":{"@id":"https:\/\/neonthechameleon.com\/es\/productos\/neon-the-chameleon\/#breadcrumb"},"inLanguage":"es","potentialAction":[{"@type":"ReadAction","target":["https:\/\/neonthechameleon.com\/es\/productos\/neon-the-chameleon\/"]}]},{"@type":"ImageObject","inLanguage":"es","@id":"https:\/\/neonthechameleon.com\/es\/productos\/neon-the-chameleon\/#primaryimage","url":"https:\/\/neonthechameleon.com\/es\/wp-content\/uploads\/2021\/07\/book_1-min.jpg","contentUrl":"https:\/\/neonthechameleon.com\/es\/wp-content\/uploads\/2021\/07\/book_1-min.jpg","width":1000,"height":1000},{"@type":"BreadcrumbList","@id":"https:\/\/neonthechameleon.com\/es\/productos\/neon-the-chameleon\/#breadcrumb","itemListElement":[{"@type":"ListItem","position":1,"name":"Home","item":"https:\/\/neonthechameleon.com\/es\/"},{"@type":"ListItem","position":2,"name":"Tienda","item":"https:\/\/neonthechameleon.com\/es\/tienda\/"},{"@type":"ListItem","position":3,"name":"Neon the Chameleon"}]},{"@type":"WebSite","@id":"https:\/\/neonthechameleon.com\/es\/#website","url":"https:\/\/neonthechameleon.com\/es\/","name":"Neon the Chameleon","description":"The book Neon the Chameleon","potentialAction":[{"@type":"SearchAction","target":{"@type":"EntryPoint","urlTemplate":"https:\/\/neonthechameleon.com\/es\/?s={search_term_string}"},"query-input":{"@type":"PropertyValueSpecification","valueRequired":true,"valueName":"search_term_string"}}],"inLanguage":"es"}]}},"_links":{"self":[{"href":"https:\/\/neonthechameleon.com\/es\/wp-json\/wp\/v2\/product\/820","targetHints":{"allow":["GET"]}}],"collection":[{"href":"https:\/\/neonthechameleon.com\/es\/wp-json\/wp\/v2\/product"}],"about":[{"href":"https:\/\/neonthechameleon.com\/es\/wp-json\/wp\/v2\/types\/product"}],"replies":[{"embeddable":true,"href":"https:\/\/neonthechameleon.com\/es\/wp-json\/wp\/v2\/comments?post=820"}],"version-history":[{"count":5,"href":"https:\/\/neonthechameleon.com\/es\/wp-json\/wp\/v2\/product\/820\/revisions"}],"predecessor-version":[{"id":1460,"href":"https:\/\/neonthechameleon.com\/es\/wp-json\/wp\/v2\/product\/820\/revisions\/1460"}],"wp:featuredmedia":[{"embeddable":true,"href":"https:\/\/neonthechameleon.com\/es\/wp-json\/wp\/v2\/media\/824"}],"wp:attachment":[{"href":"https:\/\/neonthechameleon.com\/es\/wp-json\/wp\/v2\/media?parent=820"}],"wp:term":[{"taxonomy":"product_brand","embeddable":true,"href":"https:\/\/neonthechameleon.com\/es\/wp-json\/wp\/v2\/product_brand?post=820"},{"taxonomy":"product_cat","embeddable":true,"href":"https:\/\/neonthechameleon.com\/es\/wp-json\/wp\/v2\/product_cat?post=820"},{"taxonomy":"product_tag","embeddable":true,"href":"https:\/\/neonthechameleon.com\/es\/wp-json\/wp\/v2\/product_tag?post=820"}],"curies":[{"name":"wp","href":"https:\/\/api.w.org\/{rel}","templated":true}]}}